{"id":7683,"date":"2024-07-18T09:55:51","date_gmt":"2024-07-18T07:55:51","guid":{"rendered":"https:\/\/fant.dk\/?post_type=product&#038;p=7683"},"modified":"2025-08-22T11:44:12","modified_gmt":"2025-08-22T09:44:12","slug":"t-shirt-til-boern-flying-stars-amputees","status":"publish","type":"product","link":"https:\/\/fant.dk\/en\/vare\/t-shirt-til-boern-flying-stars-amputees\/","title":{"rendered":"Flying Stars Amputees t-shirt til b\u00f8rn"},"content":{"rendered":"<p>T-shirt til b\u00f8rn i \u00f8kologisk hvid bomuld af h\u00f8j kvalitet. T-shirten er en hyldest til b\u00f8rn og unge med amputationer og andre handicap.<\/p>\n<p>Motivet viser to b\u00f8rn med amputationer, som finder gl\u00e6de og styrke i sport: Akkurat ligesom fodboldholdet <a href=\"https:\/\/fant.dk\/fant-projekter\/sierra-leone\/sport-for-mennesker-med-handicap\/\" target=\"_blank\" rel=\"noopener\">Flying Stars Amputees<\/a>. Og ligesom med Flying Stars Amputees, s\u00e5 er det fodbolden, der er i centrum.<\/p>\n<p>Ved at k\u00f8be t-shirten st\u00f8tter du b\u00e5de Flying Stars Amputees og FANTs arbejde i Sierra Leone, Ghana, Gambia og Ukraine.<\/p>\n","protected":false},"excerpt":{"rendered":"<p>T-shirt til b\u00f8rn i \u00f8kologisk hvid bomuld af h\u00f8j kvalitet. T-shirten er en hyldest til b\u00f8rn og unge med amputationer og andre handicap.<\/p>\n<p>Motivet viser to b\u00f8rn med amputationer, som finder gl\u00e6de og styrke i sport: Akkurat ligesom fodboldholdet <a href=\"https:\/\/fant.dk\/fant-projekter\/sierra-leone\/sport-for-mennesker-med-handicap\/\" target=\"_blank\" rel=\"noopener\">Flying Stars Amputees<\/a>. Og ligesom med Flying Stars Amputees, s\u00e5 er det fodbolden, der er i centrum.<\/p>\n<p>Ved at k\u00f8be t-shirten st\u00f8tter du b\u00e5de Flying Stars Amputees og FANTs arbejde i Sierra Leone, Ghana, Gambia og Ukraine.<\/p>\n","protected":false},"featured_media":8207,"template":"","meta":{"inline_featured_image":false},"product_brand":[],"product_cat":[26],"product_tag":[155,152,153,154,151],"class_list":{"0":"post-7683","1":"product","2":"type-product","3":"status-publish","4":"has-post-thumbnail","6":"product_cat-t-shirts","7":"product_tag-bomuld","8":"product_tag-boerne-t-shirt","9":"product_tag-flying-stars-amputees","10":"product_tag-t-shirt","11":"product_tag-t-shirt-til-boern","14":"first","15":"instock","16":"purchasable","17":"product-type-variable"},"yoast_head":"<!-- This site is optimized with the Yoast SEO plugin v27.4 - https:\/\/yoast.com\/product\/yoast-seo-wordpress\/ -->\n<title>T-shirt til b\u00f8rn: Flying Stars Amputees - FANT<\/title>\n<meta name=\"description\" content=\"T-shirt til b\u00f8rn fra FANT: T-shirten st\u00f8tter Flying Stars Amputees, det sierra leonske fodboldhold for amputerede spillere, og FANTs arbejde i Vestafrika.\" \/>\n<meta name=\"robots\" content=\"index, follow, max-snippet:-1, max-image-preview:large, max-video-preview:-1\" \/>\n<link rel=\"canonical\" href=\"https:\/\/fant.dk\/vare\/t-shirt-til-boern-flying-stars-amputees\/\" \/>\n<meta property=\"og:locale\" content=\"en_US\" \/>\n<meta property=\"og:type\" content=\"article\" \/>\n<meta property=\"og:title\" content=\"T-shirt til b\u00f8rn: Flying Stars Amputees - FANT\" \/>\n<meta property=\"og:description\" content=\"T-shirt til b\u00f8rn fra FANT: T-shirten st\u00f8tter Flying Stars Amputees, det sierra leonske fodboldhold for amputerede spillere, og FANTs arbejde i Vestafrika.\" \/>\n<meta property=\"og:url\" content=\"https:\/\/fant.dk\/vare\/t-shirt-til-boern-flying-stars-amputees\/\" \/>\n<meta property=\"og:site_name\" content=\"FANT\" \/>\n<meta property=\"article:publisher\" content=\"https:\/\/www.facebook.com\/FANTforanewtomorrow\" \/>\n<meta property=\"article:modified_time\" content=\"2025-08-22T09:44:12+00:00\" \/>\n<meta property=\"og:image\" content=\"https:\/\/fant.dk\/wp-content\/uploads\/2024\/07\/FSA-boernetshirt-webshop.png\" \/>\n\t<meta property=\"og:image:width\" content=\"1080\" \/>\n\t<meta property=\"og:image:height\" content=\"1350\" \/>\n\t<meta property=\"og:image:type\" content=\"image\/png\" \/>\n<meta name=\"twitter:card\" content=\"summary_large_image\" \/>\n<meta name=\"twitter:label1\" content=\"Est. reading time\" \/>\n\t<meta name=\"twitter:data1\" content=\"1 minute\" \/>\n<script type=\"application\/ld+json\" class=\"yoast-schema-graph\">{\"@context\":\"https:\\\/\\\/schema.org\",\"@graph\":[{\"@type\":\"WebPage\",\"@id\":\"https:\\\/\\\/fant.dk\\\/vare\\\/t-shirt-til-boern-flying-stars-amputees\\\/\",\"url\":\"https:\\\/\\\/fant.dk\\\/vare\\\/t-shirt-til-boern-flying-stars-amputees\\\/\",\"name\":\"T-shirt til b\u00f8rn: Flying Stars Amputees - FANT\",\"isPartOf\":{\"@id\":\"https:\\\/\\\/fant.dk\\\/#website\"},\"primaryImageOfPage\":{\"@id\":\"https:\\\/\\\/fant.dk\\\/vare\\\/t-shirt-til-boern-flying-stars-amputees\\\/#primaryimage\"},\"image\":{\"@id\":\"https:\\\/\\\/fant.dk\\\/vare\\\/t-shirt-til-boern-flying-stars-amputees\\\/#primaryimage\"},\"thumbnailUrl\":\"https:\\\/\\\/fant.dk\\\/wp-content\\\/uploads\\\/2024\\\/07\\\/FSA-boernetshirt-webshop.png\",\"datePublished\":\"2024-07-18T07:55:51+00:00\",\"dateModified\":\"2025-08-22T09:44:12+00:00\",\"description\":\"T-shirt til b\u00f8rn fra FANT: T-shirten st\u00f8tter Flying Stars Amputees, det sierra leonske fodboldhold for amputerede spillere, og FANTs arbejde i Vestafrika.\",\"breadcrumb\":{\"@id\":\"https:\\\/\\\/fant.dk\\\/vare\\\/t-shirt-til-boern-flying-stars-amputees\\\/#breadcrumb\"},\"inLanguage\":\"en-US\",\"potentialAction\":[{\"@type\":\"ReadAction\",\"target\":[\"https:\\\/\\\/fant.dk\\\/vare\\\/t-shirt-til-boern-flying-stars-amputees\\\/\"]}]},{\"@type\":\"ImageObject\",\"inLanguage\":\"en-US\",\"@id\":\"https:\\\/\\\/fant.dk\\\/vare\\\/t-shirt-til-boern-flying-stars-amputees\\\/#primaryimage\",\"url\":\"https:\\\/\\\/fant.dk\\\/wp-content\\\/uploads\\\/2024\\\/07\\\/FSA-boernetshirt-webshop.png\",\"contentUrl\":\"https:\\\/\\\/fant.dk\\\/wp-content\\\/uploads\\\/2024\\\/07\\\/FSA-boernetshirt-webshop.png\",\"width\":1080,\"height\":1350,\"caption\":\"t-shirt til b\u00f8rn, b\u00f8rne t-shirt\"},{\"@type\":\"BreadcrumbList\",\"@id\":\"https:\\\/\\\/fant.dk\\\/vare\\\/t-shirt-til-boern-flying-stars-amputees\\\/#breadcrumb\",\"itemListElement\":[{\"@type\":\"ListItem\",\"position\":1,\"name\":\"Hjem\",\"item\":\"https:\\\/\\\/fant.dk\\\/en\\\/\"},{\"@type\":\"ListItem\",\"position\":2,\"name\":\"Shop\",\"item\":\"https:\\\/\\\/fant.dk\\\/en\\\/shop-2\\\/\"},{\"@type\":\"ListItem\",\"position\":3,\"name\":\"Flying Stars Amputees t-shirt til b\u00f8rn\"}]},{\"@type\":\"WebSite\",\"@id\":\"https:\\\/\\\/fant.dk\\\/#website\",\"url\":\"https:\\\/\\\/fant.dk\\\/\",\"name\":\"FANT\",\"description\":\"For A New Tomorrow \u26bd\ufe0f\",\"publisher\":{\"@id\":\"https:\\\/\\\/fant.dk\\\/#organization\"},\"potentialAction\":[{\"@type\":\"SearchAction\",\"target\":{\"@type\":\"EntryPoint\",\"urlTemplate\":\"https:\\\/\\\/fant.dk\\\/?s={search_term_string}\"},\"query-input\":{\"@type\":\"PropertyValueSpecification\",\"valueRequired\":true,\"valueName\":\"search_term_string\"}}],\"inLanguage\":\"en-US\"},{\"@type\":\"Organization\",\"@id\":\"https:\\\/\\\/fant.dk\\\/#organization\",\"name\":\"FANT\",\"url\":\"https:\\\/\\\/fant.dk\\\/\",\"logo\":{\"@type\":\"ImageObject\",\"inLanguage\":\"en-US\",\"@id\":\"https:\\\/\\\/fant.dk\\\/#\\\/schema\\\/logo\\\/image\\\/\",\"url\":\"https:\\\/\\\/fant.dk\\\/wp-content\\\/uploads\\\/2024\\\/08\\\/Fant_Logo_Payoff_Green_2022.png\",\"contentUrl\":\"https:\\\/\\\/fant.dk\\\/wp-content\\\/uploads\\\/2024\\\/08\\\/Fant_Logo_Payoff_Green_2022.png\",\"width\":930,\"height\":239,\"caption\":\"FANT\"},\"image\":{\"@id\":\"https:\\\/\\\/fant.dk\\\/#\\\/schema\\\/logo\\\/image\\\/\"},\"sameAs\":[\"https:\\\/\\\/www.facebook.com\\\/FANTforanewtomorrow\"]}]}<\/script>\n<!-- \/ Yoast SEO plugin. -->","yoast_head_json":{"title":"T-shirt til b\u00f8rn: Flying Stars Amputees - FANT","description":"T-shirt til b\u00f8rn fra FANT: T-shirten st\u00f8tter Flying Stars Amputees, det sierra leonske fodboldhold for amputerede spillere, og FANTs arbejde i Vestafrika.","robots":{"index":"index","follow":"follow","max-snippet":"max-snippet:-1","max-image-preview":"max-image-preview:large","max-video-preview":"max-video-preview:-1"},"canonical":"https:\/\/fant.dk\/vare\/t-shirt-til-boern-flying-stars-amputees\/","og_locale":"en_US","og_type":"article","og_title":"T-shirt til b\u00f8rn: Flying Stars Amputees - FANT","og_description":"T-shirt til b\u00f8rn fra FANT: T-shirten st\u00f8tter Flying Stars Amputees, det sierra leonske fodboldhold for amputerede spillere, og FANTs arbejde i Vestafrika.","og_url":"https:\/\/fant.dk\/vare\/t-shirt-til-boern-flying-stars-amputees\/","og_site_name":"FANT","article_publisher":"https:\/\/www.facebook.com\/FANTforanewtomorrow","article_modified_time":"2025-08-22T09:44:12+00:00","og_image":[{"width":1080,"height":1350,"url":"https:\/\/fant.dk\/wp-content\/uploads\/2024\/07\/FSA-boernetshirt-webshop.png","type":"image\/png"}],"twitter_card":"summary_large_image","twitter_misc":{"Est. reading time":"1 minute"},"schema":{"@context":"https:\/\/schema.org","@graph":[{"@type":"WebPage","@id":"https:\/\/fant.dk\/vare\/t-shirt-til-boern-flying-stars-amputees\/","url":"https:\/\/fant.dk\/vare\/t-shirt-til-boern-flying-stars-amputees\/","name":"T-shirt til b\u00f8rn: Flying Stars Amputees - FANT","isPartOf":{"@id":"https:\/\/fant.dk\/#website"},"primaryImageOfPage":{"@id":"https:\/\/fant.dk\/vare\/t-shirt-til-boern-flying-stars-amputees\/#primaryimage"},"image":{"@id":"https:\/\/fant.dk\/vare\/t-shirt-til-boern-flying-stars-amputees\/#primaryimage"},"thumbnailUrl":"https:\/\/fant.dk\/wp-content\/uploads\/2024\/07\/FSA-boernetshirt-webshop.png","datePublished":"2024-07-18T07:55:51+00:00","dateModified":"2025-08-22T09:44:12+00:00","description":"T-shirt til b\u00f8rn fra FANT: T-shirten st\u00f8tter Flying Stars Amputees, det sierra leonske fodboldhold for amputerede spillere, og FANTs arbejde i Vestafrika.","breadcrumb":{"@id":"https:\/\/fant.dk\/vare\/t-shirt-til-boern-flying-stars-amputees\/#breadcrumb"},"inLanguage":"en-US","potentialAction":[{"@type":"ReadAction","target":["https:\/\/fant.dk\/vare\/t-shirt-til-boern-flying-stars-amputees\/"]}]},{"@type":"ImageObject","inLanguage":"en-US","@id":"https:\/\/fant.dk\/vare\/t-shirt-til-boern-flying-stars-amputees\/#primaryimage","url":"https:\/\/fant.dk\/wp-content\/uploads\/2024\/07\/FSA-boernetshirt-webshop.png","contentUrl":"https:\/\/fant.dk\/wp-content\/uploads\/2024\/07\/FSA-boernetshirt-webshop.png","width":1080,"height":1350,"caption":"t-shirt til b\u00f8rn, b\u00f8rne t-shirt"},{"@type":"BreadcrumbList","@id":"https:\/\/fant.dk\/vare\/t-shirt-til-boern-flying-stars-amputees\/#breadcrumb","itemListElement":[{"@type":"ListItem","position":1,"name":"Hjem","item":"https:\/\/fant.dk\/en\/"},{"@type":"ListItem","position":2,"name":"Shop","item":"https:\/\/fant.dk\/en\/shop-2\/"},{"@type":"ListItem","position":3,"name":"Flying Stars Amputees t-shirt til b\u00f8rn"}]},{"@type":"WebSite","@id":"https:\/\/fant.dk\/#website","url":"https:\/\/fant.dk\/","name":"FANT","description":"For A New Tomorrow \u26bd\ufe0f","publisher":{"@id":"https:\/\/fant.dk\/#organization"},"potentialAction":[{"@type":"SearchAction","target":{"@type":"EntryPoint","urlTemplate":"https:\/\/fant.dk\/?s={search_term_string}"},"query-input":{"@type":"PropertyValueSpecification","valueRequired":true,"valueName":"search_term_string"}}],"inLanguage":"en-US"},{"@type":"Organization","@id":"https:\/\/fant.dk\/#organization","name":"FANT","url":"https:\/\/fant.dk\/","logo":{"@type":"ImageObject","inLanguage":"en-US","@id":"https:\/\/fant.dk\/#\/schema\/logo\/image\/","url":"https:\/\/fant.dk\/wp-content\/uploads\/2024\/08\/Fant_Logo_Payoff_Green_2022.png","contentUrl":"https:\/\/fant.dk\/wp-content\/uploads\/2024\/08\/Fant_Logo_Payoff_Green_2022.png","width":930,"height":239,"caption":"FANT"},"image":{"@id":"https:\/\/fant.dk\/#\/schema\/logo\/image\/"},"sameAs":["https:\/\/www.facebook.com\/FANTforanewtomorrow"]}]}},"_links":{"self":[{"href":"https:\/\/fant.dk\/en\/wp-json\/wp\/v2\/product\/7683","targetHints":{"allow":["GET"]}}],"collection":[{"href":"https:\/\/fant.dk\/en\/wp-json\/wp\/v2\/product"}],"about":[{"href":"https:\/\/fant.dk\/en\/wp-json\/wp\/v2\/types\/product"}],"wp:featuredmedia":[{"embeddable":true,"href":"https:\/\/fant.dk\/en\/wp-json\/wp\/v2\/media\/8207"}],"wp:attachment":[{"href":"https:\/\/fant.dk\/en\/wp-json\/wp\/v2\/media?parent=7683"}],"wp:term":[{"taxonomy":"product_brand","embeddable":true,"href":"https:\/\/fant.dk\/en\/wp-json\/wp\/v2\/product_brand?post=7683"},{"taxonomy":"product_cat","embeddable":true,"href":"https:\/\/fant.dk\/en\/wp-json\/wp\/v2\/product_cat?post=7683"},{"taxonomy":"product_tag","embeddable":true,"href":"https:\/\/fant.dk\/en\/wp-json\/wp\/v2\/product_tag?post=7683"}],"curies":[{"name":"wp","href":"https:\/\/api.w.org\/{rel}","templated":true}]}}