{"id":7682,"date":"2024-07-17T14:50:50","date_gmt":"2024-07-17T12:50:50","guid":{"rendered":"https:\/\/fant.dk\/?post_type=product&#038;p=7682"},"modified":"2026-03-08T12:17:58","modified_gmt":"2026-03-08T11:17:58","slug":"madkasse-fant-x-yummii-yummii","status":"publish","type":"product","link":"https:\/\/fant.dk\/en\/vare\/madkasse-fant-x-yummii-yummii\/","title":{"rendered":"FANT x Yummii Yummii madkasse"},"content":{"rendered":"<p>Madkasse i h\u00f8j kvalitet. Produceret i rustfrit st\u00e5l med et mat gr\u00e5t look fra <a href=\"https:\/\/www.yummiiyummii.dk\/\" target=\"_blank\" rel=\"noopener\">Yummii Yummii<\/a>, indgraveret med FANTs logo. Madkassen er kompakt, og indeholder alligevel 500 ml. Den fungerer perfekt til kontoret eller skoletasken, hvor den kan bruges til bl.a. den lette frokost af rugbr\u00f8dmadder og salat eller snacks som gr\u00f8ntsager og frugt.<\/p>\n<p>Madkassen er fremstillet i h\u00f8jeste kvalitet st\u00e5l 18\/8 og er 100% kemifri, hvilket betyder at den kan bruges til salat, som fx. indeholder r\u00f8dbede, uden at du skal bekymre dig om, at der efterlades smag\/farve tilbage i madkassen efter reng\u00f8ring.<\/p>\n<p>Tip: Opbevar dine Bento bokse i k\u00f8leskabet inden brug \u2013 st\u00e5l optager kulde \u2013 s\u00e5 holder din mad sig frisk l\u00e6ngere.<\/p>\n<p>Bento Boks bliver leveret i GOTS-certificeret net.<\/p>\n<p>Mix og match med <a href=\"https:\/\/fant.dk\/vare\/termoflaske-fant-x-yummii-yummii\/\" target=\"_blank\" rel=\"noopener\">FANT x Yummii Yummii-termoflasken<\/a> i rustfrit st\u00e5l.<\/p>\n<p>\u2022 Dimensioner: 16,5 x 12 x 4 cm<br \/>\n\u2022 Kapacitet: 500 ml.<br \/>\n\u2022 Reng\u00f8ring: T\u00e5ler opvaskemaskine men ikke mikroovn<\/p>\n","protected":false},"excerpt":{"rendered":"<p>Madkasse i h\u00f8j kvalitet. Produceret i rustfrit st\u00e5l med et mat gr\u00e5t look fra <a href=\"https:\/\/www.yummiiyummii.dk\/\" target=\"_blank\" rel=\"noopener\">Yummii Yummii<\/a>, indgraveret med FANTs logo. Madkassen er kompakt, og indeholder alligevel 500 ml. Den fungerer perfekt til kontoret eller skoletasken, hvor den kan bruges til bl.a. den lette frokost af rugbr\u00f8dmadder og salat eller snacks som gr\u00f8ntsager og frugt.<\/p>\n<p>Madkassen er fremstillet i h\u00f8jeste kvalitet st\u00e5l 18\/8 og er 100% kemifri, hvilket betyder at den kan bruges til salat, som fx. indeholder r\u00f8dbede, uden at du skal bekymre dig om, at der efterlades smag\/farve tilbage i madkassen efter reng\u00f8ring.<\/p>\n<p>Tip: Opbevar dine Bento bokse i k\u00f8leskabet inden brug \u2013 st\u00e5l optager kulde \u2013 s\u00e5 holder din mad sig frisk l\u00e6ngere.<\/p>\n<p>Bento Boks bliver leveret i GOTS-certificeret net.<\/p>\n<p>Mix og match med <a href=\"https:\/\/fant.dk\/vare\/termoflaske-fant-x-yummii-yummii\/\" target=\"_blank\" rel=\"noopener\">FANT x Yummii Yummii-termoflasken<\/a> i rustfrit st\u00e5l.<\/p>\n<p>\u2022 Dimensioner: 16,5 x 12 x 4 cm<br \/>\n\u2022 Kapacitet: 500 ml.<br \/>\n\u2022 Reng\u00f8ring: T\u00e5ler opvaskemaskine men ikke mikroovn<\/p>\n","protected":false},"featured_media":8172,"template":"","meta":{"inline_featured_image":false},"product_brand":[],"product_cat":[31],"product_tag":[148,150,149],"class_list":{"0":"post-7682","1":"product","2":"type-product","3":"status-publish","4":"has-post-thumbnail","6":"product_cat-diverse","7":"product_tag-madkasse","8":"product_tag-rustfrit-staal","9":"product_tag-yummiiyummii","12":"first","13":"instock","14":"sale","15":"purchasable","16":"product-type-simple"},"yoast_head":"<!-- This site is optimized with the Yoast SEO plugin v27.4 - https:\/\/yoast.com\/product\/yoast-seo-wordpress\/ -->\n<title>FANT x Yummii Yummii madkasse - FANT<\/title>\n<meta name=\"description\" content=\"Madkasse i rustfrit st\u00e5l fra FANT x YUMMII YUMMII. Den danskproducerede madkasse rummer 500 ml og er indgraveret med FANTs logo.\" \/>\n<meta name=\"robots\" content=\"index, follow, max-snippet:-1, max-image-preview:large, max-video-preview:-1\" \/>\n<link rel=\"canonical\" href=\"https:\/\/fant.dk\/vare\/madkasse-fant-x-yummii-yummii\/\" \/>\n<meta property=\"og:locale\" content=\"en_US\" \/>\n<meta property=\"og:type\" content=\"article\" \/>\n<meta property=\"og:title\" content=\"FANT x Yummii Yummii madkasse - FANT\" \/>\n<meta property=\"og:description\" content=\"Madkasse i rustfrit st\u00e5l fra FANT x YUMMII YUMMII. Den danskproducerede madkasse rummer 500 ml og er indgraveret med FANTs logo.\" \/>\n<meta property=\"og:url\" content=\"https:\/\/fant.dk\/vare\/madkasse-fant-x-yummii-yummii\/\" \/>\n<meta property=\"og:site_name\" content=\"FANT\" \/>\n<meta property=\"article:publisher\" content=\"https:\/\/www.facebook.com\/FANTforanewtomorrow\" \/>\n<meta property=\"article:modified_time\" content=\"2026-03-08T11:17:58+00:00\" \/>\n<meta property=\"og:image\" content=\"https:\/\/fant.dk\/wp-content\/uploads\/2024\/07\/webshop-termo-og-madkasse.jpg\" \/>\n\t<meta property=\"og:image:width\" content=\"1080\" \/>\n\t<meta property=\"og:image:height\" content=\"1350\" \/>\n\t<meta property=\"og:image:type\" content=\"image\/jpeg\" \/>\n<meta name=\"twitter:card\" content=\"summary_large_image\" \/>\n<meta name=\"twitter:label1\" content=\"Est. reading time\" \/>\n\t<meta name=\"twitter:data1\" content=\"2 minutes\" \/>\n<script type=\"application\/ld+json\" class=\"yoast-schema-graph\">{\"@context\":\"https:\\\/\\\/schema.org\",\"@graph\":[{\"@type\":\"WebPage\",\"@id\":\"https:\\\/\\\/fant.dk\\\/vare\\\/madkasse-fant-x-yummii-yummii\\\/\",\"url\":\"https:\\\/\\\/fant.dk\\\/vare\\\/madkasse-fant-x-yummii-yummii\\\/\",\"name\":\"FANT x Yummii Yummii madkasse - FANT\",\"isPartOf\":{\"@id\":\"https:\\\/\\\/fant.dk\\\/#website\"},\"primaryImageOfPage\":{\"@id\":\"https:\\\/\\\/fant.dk\\\/vare\\\/madkasse-fant-x-yummii-yummii\\\/#primaryimage\"},\"image\":{\"@id\":\"https:\\\/\\\/fant.dk\\\/vare\\\/madkasse-fant-x-yummii-yummii\\\/#primaryimage\"},\"thumbnailUrl\":\"https:\\\/\\\/fant.dk\\\/wp-content\\\/uploads\\\/2024\\\/07\\\/webshop-termo-og-madkasse.jpg\",\"datePublished\":\"2024-07-17T12:50:50+00:00\",\"dateModified\":\"2026-03-08T11:17:58+00:00\",\"description\":\"Madkasse i rustfrit st\u00e5l fra FANT x YUMMII YUMMII. Den danskproducerede madkasse rummer 500 ml og er indgraveret med FANTs logo.\",\"breadcrumb\":{\"@id\":\"https:\\\/\\\/fant.dk\\\/vare\\\/madkasse-fant-x-yummii-yummii\\\/#breadcrumb\"},\"inLanguage\":\"en-US\",\"potentialAction\":[{\"@type\":\"ReadAction\",\"target\":[\"https:\\\/\\\/fant.dk\\\/vare\\\/madkasse-fant-x-yummii-yummii\\\/\"]}]},{\"@type\":\"ImageObject\",\"inLanguage\":\"en-US\",\"@id\":\"https:\\\/\\\/fant.dk\\\/vare\\\/madkasse-fant-x-yummii-yummii\\\/#primaryimage\",\"url\":\"https:\\\/\\\/fant.dk\\\/wp-content\\\/uploads\\\/2024\\\/07\\\/webshop-termo-og-madkasse.jpg\",\"contentUrl\":\"https:\\\/\\\/fant.dk\\\/wp-content\\\/uploads\\\/2024\\\/07\\\/webshop-termo-og-madkasse.jpg\",\"width\":1080,\"height\":1350,\"caption\":\"termoflaske vandflaske madkasse\"},{\"@type\":\"BreadcrumbList\",\"@id\":\"https:\\\/\\\/fant.dk\\\/vare\\\/madkasse-fant-x-yummii-yummii\\\/#breadcrumb\",\"itemListElement\":[{\"@type\":\"ListItem\",\"position\":1,\"name\":\"Hjem\",\"item\":\"https:\\\/\\\/fant.dk\\\/en\\\/\"},{\"@type\":\"ListItem\",\"position\":2,\"name\":\"Shop\",\"item\":\"https:\\\/\\\/fant.dk\\\/en\\\/shop-2\\\/\"},{\"@type\":\"ListItem\",\"position\":3,\"name\":\"FANT x Yummii Yummii madkasse\"}]},{\"@type\":\"WebSite\",\"@id\":\"https:\\\/\\\/fant.dk\\\/#website\",\"url\":\"https:\\\/\\\/fant.dk\\\/\",\"name\":\"FANT\",\"description\":\"For A New Tomorrow \u26bd\ufe0f\",\"publisher\":{\"@id\":\"https:\\\/\\\/fant.dk\\\/#organization\"},\"potentialAction\":[{\"@type\":\"SearchAction\",\"target\":{\"@type\":\"EntryPoint\",\"urlTemplate\":\"https:\\\/\\\/fant.dk\\\/?s={search_term_string}\"},\"query-input\":{\"@type\":\"PropertyValueSpecification\",\"valueRequired\":true,\"valueName\":\"search_term_string\"}}],\"inLanguage\":\"en-US\"},{\"@type\":\"Organization\",\"@id\":\"https:\\\/\\\/fant.dk\\\/#organization\",\"name\":\"FANT\",\"url\":\"https:\\\/\\\/fant.dk\\\/\",\"logo\":{\"@type\":\"ImageObject\",\"inLanguage\":\"en-US\",\"@id\":\"https:\\\/\\\/fant.dk\\\/#\\\/schema\\\/logo\\\/image\\\/\",\"url\":\"https:\\\/\\\/fant.dk\\\/wp-content\\\/uploads\\\/2024\\\/08\\\/Fant_Logo_Payoff_Green_2022.png\",\"contentUrl\":\"https:\\\/\\\/fant.dk\\\/wp-content\\\/uploads\\\/2024\\\/08\\\/Fant_Logo_Payoff_Green_2022.png\",\"width\":930,\"height\":239,\"caption\":\"FANT\"},\"image\":{\"@id\":\"https:\\\/\\\/fant.dk\\\/#\\\/schema\\\/logo\\\/image\\\/\"},\"sameAs\":[\"https:\\\/\\\/www.facebook.com\\\/FANTforanewtomorrow\"]}]}<\/script>\n<!-- \/ Yoast SEO plugin. -->","yoast_head_json":{"title":"FANT x Yummii Yummii madkasse - FANT","description":"Madkasse i rustfrit st\u00e5l fra FANT x YUMMII YUMMII. Den danskproducerede madkasse rummer 500 ml og er indgraveret med FANTs logo.","robots":{"index":"index","follow":"follow","max-snippet":"max-snippet:-1","max-image-preview":"max-image-preview:large","max-video-preview":"max-video-preview:-1"},"canonical":"https:\/\/fant.dk\/vare\/madkasse-fant-x-yummii-yummii\/","og_locale":"en_US","og_type":"article","og_title":"FANT x Yummii Yummii madkasse - FANT","og_description":"Madkasse i rustfrit st\u00e5l fra FANT x YUMMII YUMMII. Den danskproducerede madkasse rummer 500 ml og er indgraveret med FANTs logo.","og_url":"https:\/\/fant.dk\/vare\/madkasse-fant-x-yummii-yummii\/","og_site_name":"FANT","article_publisher":"https:\/\/www.facebook.com\/FANTforanewtomorrow","article_modified_time":"2026-03-08T11:17:58+00:00","og_image":[{"width":1080,"height":1350,"url":"https:\/\/fant.dk\/wp-content\/uploads\/2024\/07\/webshop-termo-og-madkasse.jpg","type":"image\/jpeg"}],"twitter_card":"summary_large_image","twitter_misc":{"Est. reading time":"2 minutes"},"schema":{"@context":"https:\/\/schema.org","@graph":[{"@type":"WebPage","@id":"https:\/\/fant.dk\/vare\/madkasse-fant-x-yummii-yummii\/","url":"https:\/\/fant.dk\/vare\/madkasse-fant-x-yummii-yummii\/","name":"FANT x Yummii Yummii madkasse - FANT","isPartOf":{"@id":"https:\/\/fant.dk\/#website"},"primaryImageOfPage":{"@id":"https:\/\/fant.dk\/vare\/madkasse-fant-x-yummii-yummii\/#primaryimage"},"image":{"@id":"https:\/\/fant.dk\/vare\/madkasse-fant-x-yummii-yummii\/#primaryimage"},"thumbnailUrl":"https:\/\/fant.dk\/wp-content\/uploads\/2024\/07\/webshop-termo-og-madkasse.jpg","datePublished":"2024-07-17T12:50:50+00:00","dateModified":"2026-03-08T11:17:58+00:00","description":"Madkasse i rustfrit st\u00e5l fra FANT x YUMMII YUMMII. Den danskproducerede madkasse rummer 500 ml og er indgraveret med FANTs logo.","breadcrumb":{"@id":"https:\/\/fant.dk\/vare\/madkasse-fant-x-yummii-yummii\/#breadcrumb"},"inLanguage":"en-US","potentialAction":[{"@type":"ReadAction","target":["https:\/\/fant.dk\/vare\/madkasse-fant-x-yummii-yummii\/"]}]},{"@type":"ImageObject","inLanguage":"en-US","@id":"https:\/\/fant.dk\/vare\/madkasse-fant-x-yummii-yummii\/#primaryimage","url":"https:\/\/fant.dk\/wp-content\/uploads\/2024\/07\/webshop-termo-og-madkasse.jpg","contentUrl":"https:\/\/fant.dk\/wp-content\/uploads\/2024\/07\/webshop-termo-og-madkasse.jpg","width":1080,"height":1350,"caption":"termoflaske vandflaske madkasse"},{"@type":"BreadcrumbList","@id":"https:\/\/fant.dk\/vare\/madkasse-fant-x-yummii-yummii\/#breadcrumb","itemListElement":[{"@type":"ListItem","position":1,"name":"Hjem","item":"https:\/\/fant.dk\/en\/"},{"@type":"ListItem","position":2,"name":"Shop","item":"https:\/\/fant.dk\/en\/shop-2\/"},{"@type":"ListItem","position":3,"name":"FANT x Yummii Yummii madkasse"}]},{"@type":"WebSite","@id":"https:\/\/fant.dk\/#website","url":"https:\/\/fant.dk\/","name":"FANT","description":"For A New Tomorrow \u26bd\ufe0f","publisher":{"@id":"https:\/\/fant.dk\/#organization"},"potentialAction":[{"@type":"SearchAction","target":{"@type":"EntryPoint","urlTemplate":"https:\/\/fant.dk\/?s={search_term_string}"},"query-input":{"@type":"PropertyValueSpecification","valueRequired":true,"valueName":"search_term_string"}}],"inLanguage":"en-US"},{"@type":"Organization","@id":"https:\/\/fant.dk\/#organization","name":"FANT","url":"https:\/\/fant.dk\/","logo":{"@type":"ImageObject","inLanguage":"en-US","@id":"https:\/\/fant.dk\/#\/schema\/logo\/image\/","url":"https:\/\/fant.dk\/wp-content\/uploads\/2024\/08\/Fant_Logo_Payoff_Green_2022.png","contentUrl":"https:\/\/fant.dk\/wp-content\/uploads\/2024\/08\/Fant_Logo_Payoff_Green_2022.png","width":930,"height":239,"caption":"FANT"},"image":{"@id":"https:\/\/fant.dk\/#\/schema\/logo\/image\/"},"sameAs":["https:\/\/www.facebook.com\/FANTforanewtomorrow"]}]}},"_links":{"self":[{"href":"https:\/\/fant.dk\/en\/wp-json\/wp\/v2\/product\/7682","targetHints":{"allow":["GET"]}}],"collection":[{"href":"https:\/\/fant.dk\/en\/wp-json\/wp\/v2\/product"}],"about":[{"href":"https:\/\/fant.dk\/en\/wp-json\/wp\/v2\/types\/product"}],"wp:featuredmedia":[{"embeddable":true,"href":"https:\/\/fant.dk\/en\/wp-json\/wp\/v2\/media\/8172"}],"wp:attachment":[{"href":"https:\/\/fant.dk\/en\/wp-json\/wp\/v2\/media?parent=7682"}],"wp:term":[{"taxonomy":"product_brand","embeddable":true,"href":"https:\/\/fant.dk\/en\/wp-json\/wp\/v2\/product_brand?post=7682"},{"taxonomy":"product_cat","embeddable":true,"href":"https:\/\/fant.dk\/en\/wp-json\/wp\/v2\/product_cat?post=7682"},{"taxonomy":"product_tag","embeddable":true,"href":"https:\/\/fant.dk\/en\/wp-json\/wp\/v2\/product_tag?post=7682"}],"curies":[{"name":"wp","href":"https:\/\/api.w.org\/{rel}","templated":true}]}}