{"id":7675,"date":"2024-07-17T14:44:16","date_gmt":"2024-07-17T12:44:16","guid":{"rendered":"https:\/\/fant.dk\/?post_type=product&#038;p=7675"},"modified":"2026-03-08T12:17:58","modified_gmt":"2026-03-08T11:17:58","slug":"termoflaske-fant-x-yummii-yummii","status":"publish","type":"product","link":"https:\/\/fant.dk\/en\/vare\/termoflaske-fant-x-yummii-yummii\/","title":{"rendered":"FANT x Yummii Yummii termoflaske"},"content":{"rendered":"<p>Termoflaske i h\u00f8j kvalitet. Produceret i rustfrit st\u00e5l med et mat gr\u00e5t look fra <a href=\"https:\/\/www.yummiiyummii.dk\/\" target=\"_blank\" rel=\"noopener\">Yummii Yummii<\/a>, indgraveret med FANTs logo p\u00e5 siden. Flasken fungerer som termoflaske til b\u00e5de koldt og varmt og er perfekt til skoletasken, kontoret, skovturen eller fodboldtr\u00e6ningen.<\/p>\n<p>Mix og match med <a href=\"https:\/\/fant.dk\/vare\/fant-x-yummii-yummii-madkasse\/\" target=\"_blank\" rel=\"noopener\">FANT x Yummii Yummii-madkassen<\/a> i rustfrit st\u00e5l.<\/p>\n<p>\u2022 Dimensioner: 17,5 x 7\/4,5 cm<br \/>\n\u2022 Kapacitet: 350 ml.<br \/>\n\u2022 Termoeffekt: kold op til 10 timer \/ varm i op til 8 timer<br \/>\n\u2022 Reng\u00f8ring: T\u00e5ler ikke opvaskemaskine og mikroovn<\/p>\n","protected":false},"excerpt":{"rendered":"<p>Termoflaske i h\u00f8j kvalitet. Produceret i rustfrit st\u00e5l med et mat gr\u00e5t look fra <a href=\"https:\/\/www.yummiiyummii.dk\/\" target=\"_blank\" rel=\"noopener\">Yummii Yummii<\/a>, indgraveret med FANTs logo p\u00e5 siden. Flasken fungerer som termoflaske til b\u00e5de koldt og varmt og er perfekt til skoletasken, kontoret, skovturen eller fodboldtr\u00e6ningen.<\/p>\n<p>Mix og match med <a href=\"https:\/\/fant.dk\/vare\/fant-x-yummii-yummii-madkasse\/\" target=\"_blank\" rel=\"noopener\">FANT x Yummii Yummii-madkassen<\/a> i rustfrit st\u00e5l.<\/p>\n<p>\u2022 Dimensioner: 17,5 x 7\/4,5 cm<br \/>\n\u2022 Kapacitet: 350 ml.<br \/>\n\u2022 Termoeffekt: kold op til 10 timer \/ varm i op til 8 timer<br \/>\n\u2022 Reng\u00f8ring: T\u00e5ler ikke opvaskemaskine og mikroovn<\/p>\n","protected":false},"featured_media":8189,"template":"","meta":{"inline_featured_image":false},"product_brand":[],"product_cat":[31],"product_tag":[147,146,145],"class_list":{"0":"post-7675","1":"product","2":"type-product","3":"status-publish","4":"has-post-thumbnail","6":"product_cat-diverse","7":"product_tag-drikkedunk","8":"product_tag-flaske","9":"product_tag-termoflaske","12":"first","13":"instock","14":"sale","15":"purchasable","16":"product-type-simple"},"yoast_head":"<!-- This site is optimized with the Yoast SEO plugin v27.3 - https:\/\/yoast.com\/product\/yoast-seo-wordpress\/ -->\n<title>FANT x Yummii Yummii termoflaske - FANT<\/title>\n<meta name=\"description\" content=\"Termoflaske fra FANT x YUMMIIYUMII til kolde og varme drikke. Termoflasken er fra danske YUMMIYUMMII og har FANTs logo indgraveret p\u00e5 siden.\" \/>\n<meta name=\"robots\" content=\"index, follow, max-snippet:-1, max-image-preview:large, max-video-preview:-1\" \/>\n<link rel=\"canonical\" href=\"https:\/\/fant.dk\/vare\/termoflaske-fant-x-yummii-yummii\/\" \/>\n<meta property=\"og:locale\" content=\"en_US\" \/>\n<meta property=\"og:type\" content=\"article\" \/>\n<meta property=\"og:title\" content=\"FANT x Yummii Yummii termoflaske - FANT\" \/>\n<meta property=\"og:description\" content=\"Termoflaske fra FANT x YUMMIIYUMII til kolde og varme drikke. Termoflasken er fra danske YUMMIYUMMII og har FANTs logo indgraveret p\u00e5 siden.\" \/>\n<meta property=\"og:url\" content=\"https:\/\/fant.dk\/vare\/termoflaske-fant-x-yummii-yummii\/\" \/>\n<meta property=\"og:site_name\" content=\"FANT\" \/>\n<meta property=\"article:publisher\" content=\"https:\/\/www.facebook.com\/FANTforanewtomorrow\" \/>\n<meta property=\"article:modified_time\" content=\"2026-03-08T11:17:58+00:00\" \/>\n<meta property=\"og:image\" content=\"https:\/\/fant.dk\/wp-content\/uploads\/2024\/07\/webshop-termoflaske-1.jpg\" \/>\n\t<meta property=\"og:image:width\" content=\"1080\" \/>\n\t<meta property=\"og:image:height\" content=\"1350\" \/>\n\t<meta property=\"og:image:type\" content=\"image\/jpeg\" \/>\n<meta name=\"twitter:card\" content=\"summary_large_image\" \/>\n<meta name=\"twitter:label1\" content=\"Est. reading time\" \/>\n\t<meta name=\"twitter:data1\" content=\"1 minute\" \/>\n<script type=\"application\/ld+json\" class=\"yoast-schema-graph\">{\"@context\":\"https:\\\/\\\/schema.org\",\"@graph\":[{\"@type\":\"WebPage\",\"@id\":\"https:\\\/\\\/fant.dk\\\/vare\\\/termoflaske-fant-x-yummii-yummii\\\/\",\"url\":\"https:\\\/\\\/fant.dk\\\/vare\\\/termoflaske-fant-x-yummii-yummii\\\/\",\"name\":\"FANT x Yummii Yummii termoflaske - FANT\",\"isPartOf\":{\"@id\":\"https:\\\/\\\/fant.dk\\\/#website\"},\"primaryImageOfPage\":{\"@id\":\"https:\\\/\\\/fant.dk\\\/vare\\\/termoflaske-fant-x-yummii-yummii\\\/#primaryimage\"},\"image\":{\"@id\":\"https:\\\/\\\/fant.dk\\\/vare\\\/termoflaske-fant-x-yummii-yummii\\\/#primaryimage\"},\"thumbnailUrl\":\"https:\\\/\\\/fant.dk\\\/wp-content\\\/uploads\\\/2024\\\/07\\\/webshop-termoflaske-1.jpg\",\"datePublished\":\"2024-07-17T12:44:16+00:00\",\"dateModified\":\"2026-03-08T11:17:58+00:00\",\"description\":\"Termoflaske fra FANT x YUMMIIYUMII til kolde og varme drikke. Termoflasken er fra danske YUMMIYUMMII og har FANTs logo indgraveret p\u00e5 siden.\",\"breadcrumb\":{\"@id\":\"https:\\\/\\\/fant.dk\\\/vare\\\/termoflaske-fant-x-yummii-yummii\\\/#breadcrumb\"},\"inLanguage\":\"en-US\",\"potentialAction\":[{\"@type\":\"ReadAction\",\"target\":[\"https:\\\/\\\/fant.dk\\\/vare\\\/termoflaske-fant-x-yummii-yummii\\\/\"]}]},{\"@type\":\"ImageObject\",\"inLanguage\":\"en-US\",\"@id\":\"https:\\\/\\\/fant.dk\\\/vare\\\/termoflaske-fant-x-yummii-yummii\\\/#primaryimage\",\"url\":\"https:\\\/\\\/fant.dk\\\/wp-content\\\/uploads\\\/2024\\\/07\\\/webshop-termoflaske-1.jpg\",\"contentUrl\":\"https:\\\/\\\/fant.dk\\\/wp-content\\\/uploads\\\/2024\\\/07\\\/webshop-termoflaske-1.jpg\",\"width\":1080,\"height\":1350,\"caption\":\"termoflaske vandflaske\"},{\"@type\":\"BreadcrumbList\",\"@id\":\"https:\\\/\\\/fant.dk\\\/vare\\\/termoflaske-fant-x-yummii-yummii\\\/#breadcrumb\",\"itemListElement\":[{\"@type\":\"ListItem\",\"position\":1,\"name\":\"Hjem\",\"item\":\"https:\\\/\\\/fant.dk\\\/en\\\/\"},{\"@type\":\"ListItem\",\"position\":2,\"name\":\"Shop\",\"item\":\"https:\\\/\\\/fant.dk\\\/en\\\/shop-2\\\/\"},{\"@type\":\"ListItem\",\"position\":3,\"name\":\"FANT x Yummii Yummii termoflaske\"}]},{\"@type\":\"WebSite\",\"@id\":\"https:\\\/\\\/fant.dk\\\/#website\",\"url\":\"https:\\\/\\\/fant.dk\\\/\",\"name\":\"FANT\",\"description\":\"For A New Tomorrow \u26bd\ufe0f\",\"publisher\":{\"@id\":\"https:\\\/\\\/fant.dk\\\/#organization\"},\"potentialAction\":[{\"@type\":\"SearchAction\",\"target\":{\"@type\":\"EntryPoint\",\"urlTemplate\":\"https:\\\/\\\/fant.dk\\\/?s={search_term_string}\"},\"query-input\":{\"@type\":\"PropertyValueSpecification\",\"valueRequired\":true,\"valueName\":\"search_term_string\"}}],\"inLanguage\":\"en-US\"},{\"@type\":\"Organization\",\"@id\":\"https:\\\/\\\/fant.dk\\\/#organization\",\"name\":\"FANT\",\"url\":\"https:\\\/\\\/fant.dk\\\/\",\"logo\":{\"@type\":\"ImageObject\",\"inLanguage\":\"en-US\",\"@id\":\"https:\\\/\\\/fant.dk\\\/#\\\/schema\\\/logo\\\/image\\\/\",\"url\":\"https:\\\/\\\/fant.dk\\\/wp-content\\\/uploads\\\/2024\\\/08\\\/Fant_Logo_Payoff_Green_2022.png\",\"contentUrl\":\"https:\\\/\\\/fant.dk\\\/wp-content\\\/uploads\\\/2024\\\/08\\\/Fant_Logo_Payoff_Green_2022.png\",\"width\":930,\"height\":239,\"caption\":\"FANT\"},\"image\":{\"@id\":\"https:\\\/\\\/fant.dk\\\/#\\\/schema\\\/logo\\\/image\\\/\"},\"sameAs\":[\"https:\\\/\\\/www.facebook.com\\\/FANTforanewtomorrow\"]}]}<\/script>\n<!-- \/ Yoast SEO plugin. -->","yoast_head_json":{"title":"FANT x Yummii Yummii termoflaske - FANT","description":"Termoflaske fra FANT x YUMMIIYUMII til kolde og varme drikke. Termoflasken er fra danske YUMMIYUMMII og har FANTs logo indgraveret p\u00e5 siden.","robots":{"index":"index","follow":"follow","max-snippet":"max-snippet:-1","max-image-preview":"max-image-preview:large","max-video-preview":"max-video-preview:-1"},"canonical":"https:\/\/fant.dk\/vare\/termoflaske-fant-x-yummii-yummii\/","og_locale":"en_US","og_type":"article","og_title":"FANT x Yummii Yummii termoflaske - FANT","og_description":"Termoflaske fra FANT x YUMMIIYUMII til kolde og varme drikke. Termoflasken er fra danske YUMMIYUMMII og har FANTs logo indgraveret p\u00e5 siden.","og_url":"https:\/\/fant.dk\/vare\/termoflaske-fant-x-yummii-yummii\/","og_site_name":"FANT","article_publisher":"https:\/\/www.facebook.com\/FANTforanewtomorrow","article_modified_time":"2026-03-08T11:17:58+00:00","og_image":[{"width":1080,"height":1350,"url":"https:\/\/fant.dk\/wp-content\/uploads\/2024\/07\/webshop-termoflaske-1.jpg","type":"image\/jpeg"}],"twitter_card":"summary_large_image","twitter_misc":{"Est. reading time":"1 minute"},"schema":{"@context":"https:\/\/schema.org","@graph":[{"@type":"WebPage","@id":"https:\/\/fant.dk\/vare\/termoflaske-fant-x-yummii-yummii\/","url":"https:\/\/fant.dk\/vare\/termoflaske-fant-x-yummii-yummii\/","name":"FANT x Yummii Yummii termoflaske - FANT","isPartOf":{"@id":"https:\/\/fant.dk\/#website"},"primaryImageOfPage":{"@id":"https:\/\/fant.dk\/vare\/termoflaske-fant-x-yummii-yummii\/#primaryimage"},"image":{"@id":"https:\/\/fant.dk\/vare\/termoflaske-fant-x-yummii-yummii\/#primaryimage"},"thumbnailUrl":"https:\/\/fant.dk\/wp-content\/uploads\/2024\/07\/webshop-termoflaske-1.jpg","datePublished":"2024-07-17T12:44:16+00:00","dateModified":"2026-03-08T11:17:58+00:00","description":"Termoflaske fra FANT x YUMMIIYUMII til kolde og varme drikke. Termoflasken er fra danske YUMMIYUMMII og har FANTs logo indgraveret p\u00e5 siden.","breadcrumb":{"@id":"https:\/\/fant.dk\/vare\/termoflaske-fant-x-yummii-yummii\/#breadcrumb"},"inLanguage":"en-US","potentialAction":[{"@type":"ReadAction","target":["https:\/\/fant.dk\/vare\/termoflaske-fant-x-yummii-yummii\/"]}]},{"@type":"ImageObject","inLanguage":"en-US","@id":"https:\/\/fant.dk\/vare\/termoflaske-fant-x-yummii-yummii\/#primaryimage","url":"https:\/\/fant.dk\/wp-content\/uploads\/2024\/07\/webshop-termoflaske-1.jpg","contentUrl":"https:\/\/fant.dk\/wp-content\/uploads\/2024\/07\/webshop-termoflaske-1.jpg","width":1080,"height":1350,"caption":"termoflaske vandflaske"},{"@type":"BreadcrumbList","@id":"https:\/\/fant.dk\/vare\/termoflaske-fant-x-yummii-yummii\/#breadcrumb","itemListElement":[{"@type":"ListItem","position":1,"name":"Hjem","item":"https:\/\/fant.dk\/en\/"},{"@type":"ListItem","position":2,"name":"Shop","item":"https:\/\/fant.dk\/en\/shop-2\/"},{"@type":"ListItem","position":3,"name":"FANT x Yummii Yummii termoflaske"}]},{"@type":"WebSite","@id":"https:\/\/fant.dk\/#website","url":"https:\/\/fant.dk\/","name":"FANT","description":"For A New Tomorrow \u26bd\ufe0f","publisher":{"@id":"https:\/\/fant.dk\/#organization"},"potentialAction":[{"@type":"SearchAction","target":{"@type":"EntryPoint","urlTemplate":"https:\/\/fant.dk\/?s={search_term_string}"},"query-input":{"@type":"PropertyValueSpecification","valueRequired":true,"valueName":"search_term_string"}}],"inLanguage":"en-US"},{"@type":"Organization","@id":"https:\/\/fant.dk\/#organization","name":"FANT","url":"https:\/\/fant.dk\/","logo":{"@type":"ImageObject","inLanguage":"en-US","@id":"https:\/\/fant.dk\/#\/schema\/logo\/image\/","url":"https:\/\/fant.dk\/wp-content\/uploads\/2024\/08\/Fant_Logo_Payoff_Green_2022.png","contentUrl":"https:\/\/fant.dk\/wp-content\/uploads\/2024\/08\/Fant_Logo_Payoff_Green_2022.png","width":930,"height":239,"caption":"FANT"},"image":{"@id":"https:\/\/fant.dk\/#\/schema\/logo\/image\/"},"sameAs":["https:\/\/www.facebook.com\/FANTforanewtomorrow"]}]}},"_links":{"self":[{"href":"https:\/\/fant.dk\/en\/wp-json\/wp\/v2\/product\/7675","targetHints":{"allow":["GET"]}}],"collection":[{"href":"https:\/\/fant.dk\/en\/wp-json\/wp\/v2\/product"}],"about":[{"href":"https:\/\/fant.dk\/en\/wp-json\/wp\/v2\/types\/product"}],"wp:featuredmedia":[{"embeddable":true,"href":"https:\/\/fant.dk\/en\/wp-json\/wp\/v2\/media\/8189"}],"wp:attachment":[{"href":"https:\/\/fant.dk\/en\/wp-json\/wp\/v2\/media?parent=7675"}],"wp:term":[{"taxonomy":"product_brand","embeddable":true,"href":"https:\/\/fant.dk\/en\/wp-json\/wp\/v2\/product_brand?post=7675"},{"taxonomy":"product_cat","embeddable":true,"href":"https:\/\/fant.dk\/en\/wp-json\/wp\/v2\/product_cat?post=7675"},{"taxonomy":"product_tag","embeddable":true,"href":"https:\/\/fant.dk\/en\/wp-json\/wp\/v2\/product_tag?post=7675"}],"curies":[{"name":"wp","href":"https:\/\/api.w.org\/{rel}","templated":true}]}}