{"id":7667,"date":"2024-07-17T14:35:06","date_gmt":"2024-07-17T12:35:06","guid":{"rendered":"https:\/\/fant.dk\/?post_type=product&#038;p=7667"},"modified":"2025-08-26T09:53:51","modified_gmt":"2025-08-26T07:53:51","slug":"come-back-stronger-t-shirt","status":"publish","type":"product","link":"https:\/\/fant.dk\/en\/vare\/come-back-stronger-t-shirt\/","title":{"rendered":"Come Back Stronger t-shirt"},"content":{"rendered":"<p>Marinebl\u00e5 t-shirt i \u00f8kologisk h\u00f8jkvalitetsbomuld. T-shirten er lavet til kampagnen\u00a0<strong>Come Back Stronger<\/strong> som en hyldest til <a href=\"https:\/\/fant.dk\/fant-projekter\/sierra-leone\/sport-for-mennesker-med-handicap\/\" target=\"_blank\" rel=\"noopener\">fodboldholdet Flying Stars Amputees<\/a>. Flying Stars Amputees er fra Sierra Leone og best\u00e5r af krigsamputerede spillere. P\u00e5 venstre side af brystet er der som en flot detalje broderet en lille figur af en amputeret fodboldspiller.<\/p>\n<p>Da t-shirten er unisex, skal du som mand overveje at g\u00e5 en st\u00f8rrelse op og som kvinde en st\u00f8rrelse ned.<\/p>\n<p>Ved at k\u00f8be t-shirten st\u00f8tter du b\u00e5de Flying Stars Amputees samt FANTs \u00f8vrige arbejde i Sierra Leone, Ghana og Gambia.<\/p>\n","protected":false},"excerpt":{"rendered":"<p>Marinebl\u00e5 t-shirt i \u00f8kologisk h\u00f8jkvalitetsbomuld. T-shirten er lavet til kampagnen\u00a0<strong>Come Back Stronger<\/strong> som en hyldest til <a href=\"https:\/\/fant.dk\/fant-projekter\/sierra-leone\/sport-for-mennesker-med-handicap\/\" target=\"_blank\" rel=\"noopener\">fodboldholdet Flying Stars Amputees<\/a>. Flying Stars Amputees er fra Sierra Leone og best\u00e5r af krigsamputerede spillere. P\u00e5 venstre side af brystet er der som en flot detalje broderet en lille figur af en amputeret fodboldspiller.<\/p>\n<p>Da t-shirten er unisex, skal du som mand overveje at g\u00e5 en st\u00f8rrelse op og som kvinde en st\u00f8rrelse ned.<\/p>\n<p>Ved at k\u00f8be t-shirten st\u00f8tter du b\u00e5de Flying Stars Amputees samt FANTs \u00f8vrige arbejde i Sierra Leone, Ghana og Gambia.<\/p>\n","protected":false},"featured_media":7668,"template":"","meta":{"inline_featured_image":false},"product_brand":[],"product_cat":[26],"product_tag":[155,161,153,154,162],"class_list":{"0":"post-7667","1":"product","2":"type-product","3":"status-publish","4":"has-post-thumbnail","6":"product_cat-t-shirts","7":"product_tag-bomuld","8":"product_tag-come-back-stronger","9":"product_tag-flying-stars-amputees","10":"product_tag-t-shirt","11":"product_tag-unisex","14":"first","15":"instock","16":"purchasable","17":"product-type-variable"},"yoast_head":"<!-- This site is optimized with the Yoast SEO plugin v27.3 - https:\/\/yoast.com\/product\/yoast-seo-wordpress\/ -->\n<title>Marinebl\u00e5 t-shirt i kvalitetsbomuld - FANT<\/title>\n<meta name=\"description\" content=\"Marinebl\u00e5 t-shirt i kvalitetsbomuld med broderet motiv p\u00e5 venstre bryst. T-shirten er unisex, og k\u00f8bet st\u00f8tter ngo&#039;en FANTs arbejde i Vestafrika og Ukraine.\" \/>\n<meta name=\"robots\" content=\"index, follow, max-snippet:-1, max-image-preview:large, max-video-preview:-1\" \/>\n<link rel=\"canonical\" href=\"https:\/\/fant.dk\/vare\/come-back-stronger-t-shirt\/\" \/>\n<meta property=\"og:locale\" content=\"en_US\" \/>\n<meta property=\"og:type\" content=\"article\" \/>\n<meta property=\"og:title\" content=\"Marinebl\u00e5 t-shirt i kvalitetsbomuld - FANT\" \/>\n<meta property=\"og:description\" content=\"Marinebl\u00e5 t-shirt i kvalitetsbomuld med broderet motiv p\u00e5 venstre bryst. T-shirten er unisex, og k\u00f8bet st\u00f8tter ngo&#039;en FANTs arbejde i Vestafrika og Ukraine.\" \/>\n<meta property=\"og:url\" content=\"https:\/\/fant.dk\/vare\/come-back-stronger-t-shirt\/\" \/>\n<meta property=\"og:site_name\" content=\"FANT\" \/>\n<meta property=\"article:publisher\" content=\"https:\/\/www.facebook.com\/FANTforanewtomorrow\" \/>\n<meta property=\"article:modified_time\" content=\"2025-08-26T07:53:51+00:00\" \/>\n<meta property=\"og:image\" content=\"https:\/\/fant.dk\/wp-content\/uploads\/2024\/07\/FSA_TShirt1-e1756194502826.jpg\" \/>\n\t<meta property=\"og:image:width\" content=\"1600\" \/>\n\t<meta property=\"og:image:height\" content=\"2000\" \/>\n\t<meta property=\"og:image:type\" content=\"image\/jpeg\" \/>\n<meta name=\"twitter:card\" content=\"summary_large_image\" \/>\n<meta name=\"twitter:label1\" content=\"Est. reading time\" \/>\n\t<meta name=\"twitter:data1\" content=\"1 minute\" \/>\n<script type=\"application\/ld+json\" class=\"yoast-schema-graph\">{\"@context\":\"https:\\\/\\\/schema.org\",\"@graph\":[{\"@type\":\"WebPage\",\"@id\":\"https:\\\/\\\/fant.dk\\\/vare\\\/come-back-stronger-t-shirt\\\/\",\"url\":\"https:\\\/\\\/fant.dk\\\/vare\\\/come-back-stronger-t-shirt\\\/\",\"name\":\"Marinebl\u00e5 t-shirt i kvalitetsbomuld - FANT\",\"isPartOf\":{\"@id\":\"https:\\\/\\\/fant.dk\\\/#website\"},\"primaryImageOfPage\":{\"@id\":\"https:\\\/\\\/fant.dk\\\/vare\\\/come-back-stronger-t-shirt\\\/#primaryimage\"},\"image\":{\"@id\":\"https:\\\/\\\/fant.dk\\\/vare\\\/come-back-stronger-t-shirt\\\/#primaryimage\"},\"thumbnailUrl\":\"https:\\\/\\\/fant.dk\\\/wp-content\\\/uploads\\\/2024\\\/07\\\/FSA_TShirt1-e1756194502826.jpg\",\"datePublished\":\"2024-07-17T12:35:06+00:00\",\"dateModified\":\"2025-08-26T07:53:51+00:00\",\"description\":\"Marinebl\u00e5 t-shirt i kvalitetsbomuld med broderet motiv p\u00e5 venstre bryst. T-shirten er unisex, og k\u00f8bet st\u00f8tter ngo'en FANTs arbejde i Vestafrika og Ukraine.\",\"breadcrumb\":{\"@id\":\"https:\\\/\\\/fant.dk\\\/vare\\\/come-back-stronger-t-shirt\\\/#breadcrumb\"},\"inLanguage\":\"en-US\",\"potentialAction\":[{\"@type\":\"ReadAction\",\"target\":[\"https:\\\/\\\/fant.dk\\\/vare\\\/come-back-stronger-t-shirt\\\/\"]}]},{\"@type\":\"ImageObject\",\"inLanguage\":\"en-US\",\"@id\":\"https:\\\/\\\/fant.dk\\\/vare\\\/come-back-stronger-t-shirt\\\/#primaryimage\",\"url\":\"https:\\\/\\\/fant.dk\\\/wp-content\\\/uploads\\\/2024\\\/07\\\/FSA_TShirt1-e1756194502826.jpg\",\"contentUrl\":\"https:\\\/\\\/fant.dk\\\/wp-content\\\/uploads\\\/2024\\\/07\\\/FSA_TShirt1-e1756194502826.jpg\",\"width\":1600,\"height\":2000,\"caption\":\"marinebl\u00e5 t-shirt flying stars amputees FSA come back stronger t-shirt\"},{\"@type\":\"BreadcrumbList\",\"@id\":\"https:\\\/\\\/fant.dk\\\/vare\\\/come-back-stronger-t-shirt\\\/#breadcrumb\",\"itemListElement\":[{\"@type\":\"ListItem\",\"position\":1,\"name\":\"Hjem\",\"item\":\"https:\\\/\\\/fant.dk\\\/en\\\/\"},{\"@type\":\"ListItem\",\"position\":2,\"name\":\"Shop\",\"item\":\"https:\\\/\\\/fant.dk\\\/en\\\/shop-2\\\/\"},{\"@type\":\"ListItem\",\"position\":3,\"name\":\"Come Back Stronger t-shirt\"}]},{\"@type\":\"WebSite\",\"@id\":\"https:\\\/\\\/fant.dk\\\/#website\",\"url\":\"https:\\\/\\\/fant.dk\\\/\",\"name\":\"FANT\",\"description\":\"For A New Tomorrow \u26bd\ufe0f\",\"publisher\":{\"@id\":\"https:\\\/\\\/fant.dk\\\/#organization\"},\"potentialAction\":[{\"@type\":\"SearchAction\",\"target\":{\"@type\":\"EntryPoint\",\"urlTemplate\":\"https:\\\/\\\/fant.dk\\\/?s={search_term_string}\"},\"query-input\":{\"@type\":\"PropertyValueSpecification\",\"valueRequired\":true,\"valueName\":\"search_term_string\"}}],\"inLanguage\":\"en-US\"},{\"@type\":\"Organization\",\"@id\":\"https:\\\/\\\/fant.dk\\\/#organization\",\"name\":\"FANT\",\"url\":\"https:\\\/\\\/fant.dk\\\/\",\"logo\":{\"@type\":\"ImageObject\",\"inLanguage\":\"en-US\",\"@id\":\"https:\\\/\\\/fant.dk\\\/#\\\/schema\\\/logo\\\/image\\\/\",\"url\":\"https:\\\/\\\/fant.dk\\\/wp-content\\\/uploads\\\/2024\\\/08\\\/Fant_Logo_Payoff_Green_2022.png\",\"contentUrl\":\"https:\\\/\\\/fant.dk\\\/wp-content\\\/uploads\\\/2024\\\/08\\\/Fant_Logo_Payoff_Green_2022.png\",\"width\":930,\"height\":239,\"caption\":\"FANT\"},\"image\":{\"@id\":\"https:\\\/\\\/fant.dk\\\/#\\\/schema\\\/logo\\\/image\\\/\"},\"sameAs\":[\"https:\\\/\\\/www.facebook.com\\\/FANTforanewtomorrow\"]}]}<\/script>\n<!-- \/ Yoast SEO plugin. -->","yoast_head_json":{"title":"Marinebl\u00e5 t-shirt i kvalitetsbomuld - FANT","description":"Marinebl\u00e5 t-shirt i kvalitetsbomuld med broderet motiv p\u00e5 venstre bryst. T-shirten er unisex, og k\u00f8bet st\u00f8tter ngo'en FANTs arbejde i Vestafrika og Ukraine.","robots":{"index":"index","follow":"follow","max-snippet":"max-snippet:-1","max-image-preview":"max-image-preview:large","max-video-preview":"max-video-preview:-1"},"canonical":"https:\/\/fant.dk\/vare\/come-back-stronger-t-shirt\/","og_locale":"en_US","og_type":"article","og_title":"Marinebl\u00e5 t-shirt i kvalitetsbomuld - FANT","og_description":"Marinebl\u00e5 t-shirt i kvalitetsbomuld med broderet motiv p\u00e5 venstre bryst. T-shirten er unisex, og k\u00f8bet st\u00f8tter ngo'en FANTs arbejde i Vestafrika og Ukraine.","og_url":"https:\/\/fant.dk\/vare\/come-back-stronger-t-shirt\/","og_site_name":"FANT","article_publisher":"https:\/\/www.facebook.com\/FANTforanewtomorrow","article_modified_time":"2025-08-26T07:53:51+00:00","og_image":[{"width":1600,"height":2000,"url":"https:\/\/fant.dk\/wp-content\/uploads\/2024\/07\/FSA_TShirt1-e1756194502826.jpg","type":"image\/jpeg"}],"twitter_card":"summary_large_image","twitter_misc":{"Est. reading time":"1 minute"},"schema":{"@context":"https:\/\/schema.org","@graph":[{"@type":"WebPage","@id":"https:\/\/fant.dk\/vare\/come-back-stronger-t-shirt\/","url":"https:\/\/fant.dk\/vare\/come-back-stronger-t-shirt\/","name":"Marinebl\u00e5 t-shirt i kvalitetsbomuld - FANT","isPartOf":{"@id":"https:\/\/fant.dk\/#website"},"primaryImageOfPage":{"@id":"https:\/\/fant.dk\/vare\/come-back-stronger-t-shirt\/#primaryimage"},"image":{"@id":"https:\/\/fant.dk\/vare\/come-back-stronger-t-shirt\/#primaryimage"},"thumbnailUrl":"https:\/\/fant.dk\/wp-content\/uploads\/2024\/07\/FSA_TShirt1-e1756194502826.jpg","datePublished":"2024-07-17T12:35:06+00:00","dateModified":"2025-08-26T07:53:51+00:00","description":"Marinebl\u00e5 t-shirt i kvalitetsbomuld med broderet motiv p\u00e5 venstre bryst. T-shirten er unisex, og k\u00f8bet st\u00f8tter ngo'en FANTs arbejde i Vestafrika og Ukraine.","breadcrumb":{"@id":"https:\/\/fant.dk\/vare\/come-back-stronger-t-shirt\/#breadcrumb"},"inLanguage":"en-US","potentialAction":[{"@type":"ReadAction","target":["https:\/\/fant.dk\/vare\/come-back-stronger-t-shirt\/"]}]},{"@type":"ImageObject","inLanguage":"en-US","@id":"https:\/\/fant.dk\/vare\/come-back-stronger-t-shirt\/#primaryimage","url":"https:\/\/fant.dk\/wp-content\/uploads\/2024\/07\/FSA_TShirt1-e1756194502826.jpg","contentUrl":"https:\/\/fant.dk\/wp-content\/uploads\/2024\/07\/FSA_TShirt1-e1756194502826.jpg","width":1600,"height":2000,"caption":"marinebl\u00e5 t-shirt flying stars amputees FSA come back stronger t-shirt"},{"@type":"BreadcrumbList","@id":"https:\/\/fant.dk\/vare\/come-back-stronger-t-shirt\/#breadcrumb","itemListElement":[{"@type":"ListItem","position":1,"name":"Hjem","item":"https:\/\/fant.dk\/en\/"},{"@type":"ListItem","position":2,"name":"Shop","item":"https:\/\/fant.dk\/en\/shop-2\/"},{"@type":"ListItem","position":3,"name":"Come Back Stronger t-shirt"}]},{"@type":"WebSite","@id":"https:\/\/fant.dk\/#website","url":"https:\/\/fant.dk\/","name":"FANT","description":"For A New Tomorrow \u26bd\ufe0f","publisher":{"@id":"https:\/\/fant.dk\/#organization"},"potentialAction":[{"@type":"SearchAction","target":{"@type":"EntryPoint","urlTemplate":"https:\/\/fant.dk\/?s={search_term_string}"},"query-input":{"@type":"PropertyValueSpecification","valueRequired":true,"valueName":"search_term_string"}}],"inLanguage":"en-US"},{"@type":"Organization","@id":"https:\/\/fant.dk\/#organization","name":"FANT","url":"https:\/\/fant.dk\/","logo":{"@type":"ImageObject","inLanguage":"en-US","@id":"https:\/\/fant.dk\/#\/schema\/logo\/image\/","url":"https:\/\/fant.dk\/wp-content\/uploads\/2024\/08\/Fant_Logo_Payoff_Green_2022.png","contentUrl":"https:\/\/fant.dk\/wp-content\/uploads\/2024\/08\/Fant_Logo_Payoff_Green_2022.png","width":930,"height":239,"caption":"FANT"},"image":{"@id":"https:\/\/fant.dk\/#\/schema\/logo\/image\/"},"sameAs":["https:\/\/www.facebook.com\/FANTforanewtomorrow"]}]}},"_links":{"self":[{"href":"https:\/\/fant.dk\/en\/wp-json\/wp\/v2\/product\/7667","targetHints":{"allow":["GET"]}}],"collection":[{"href":"https:\/\/fant.dk\/en\/wp-json\/wp\/v2\/product"}],"about":[{"href":"https:\/\/fant.dk\/en\/wp-json\/wp\/v2\/types\/product"}],"wp:featuredmedia":[{"embeddable":true,"href":"https:\/\/fant.dk\/en\/wp-json\/wp\/v2\/media\/7668"}],"wp:attachment":[{"href":"https:\/\/fant.dk\/en\/wp-json\/wp\/v2\/media?parent=7667"}],"wp:term":[{"taxonomy":"product_brand","embeddable":true,"href":"https:\/\/fant.dk\/en\/wp-json\/wp\/v2\/product_brand?post=7667"},{"taxonomy":"product_cat","embeddable":true,"href":"https:\/\/fant.dk\/en\/wp-json\/wp\/v2\/product_cat?post=7667"},{"taxonomy":"product_tag","embeddable":true,"href":"https:\/\/fant.dk\/en\/wp-json\/wp\/v2\/product_tag?post=7667"}],"curies":[{"name":"wp","href":"https:\/\/api.w.org\/{rel}","templated":true}]}}