{"id":7660,"date":"2024-07-17T14:31:39","date_gmt":"2024-07-17T12:31:39","guid":{"rendered":"https:\/\/fant.dk\/?post_type=product&#038;p=7660"},"modified":"2025-10-24T12:15:44","modified_gmt":"2025-10-24T10:15:44","slug":"fant-malebog","status":"publish","type":"product","link":"https:\/\/fant.dk\/en\/vare\/fant-malebog\/","title":{"rendered":"FANT MALEBOG"},"content":{"rendered":"<p>FANTs malebog til b\u00f8rn indeholder 18 unikke illustrationer til farvel\u00e6gning. Illustrationerne er lavet s\u00e6rligt til FANT og relaterer sig til<a href=\"https:\/\/fant.dk\/fant-projekter\/\" target=\"_blank\" rel=\"noopener\"> FANTs arbejde<\/a> med fodbold, b\u00f8rn og unge i Afrika.<\/p>\n<p>Malebogen er i A4-st\u00f8rrelse. Der er \u00e9n illustration pr. side.<\/p>\n","protected":false},"excerpt":{"rendered":"<p>FANTs malebog til b\u00f8rn indeholder 18 unikke illustrationer til farvel\u00e6gning. Illustrationerne er lavet s\u00e6rligt til FANT og relaterer sig til <a href=\"https:\/\/fant.dk\/fant-projekter\/\" target=\"_blank\" rel=\"noopener\">FANTs arbejde<\/a> med fodbold, b\u00f8rn og unge i Afrika.<\/p>\n<p>Malebogen er i A4-st\u00f8rrelse. Der er \u00e9n illustration pr. side.<\/p>\n","protected":false},"featured_media":8196,"template":"","meta":{"inline_featured_image":false},"product_brand":[],"product_cat":[31],"product_tag":[160,157,159,156,158],"class_list":{"0":"post-7660","1":"product","2":"type-product","3":"status-publish","4":"has-post-thumbnail","6":"product_cat-diverse","7":"product_tag-boern","8":"product_tag-farvelaegning","9":"product_tag-illustrationer","10":"product_tag-malebog","11":"product_tag-tegninger","14":"first","15":"instock","16":"purchasable","17":"product-type-simple"},"yoast_head":"<!-- This site is optimized with the Yoast SEO plugin v27.6 - https:\/\/yoast.com\/product\/yoast-seo-wordpress\/ -->\n<title>Malebog til b\u00f8rn med unikke fodbold-illustrationer - FANT<\/title>\n<meta name=\"description\" content=\"FANTs malebog til b\u00f8rn indeholder 18 unikke A4-illustrationer til farvel\u00e6gning. Illustrationerne handler om sport, b\u00f8rn og unge i Afrika.\" \/>\n<meta name=\"robots\" content=\"index, follow, max-snippet:-1, max-image-preview:large, max-video-preview:-1\" \/>\n<link rel=\"canonical\" href=\"https:\/\/fant.dk\/vare\/fant-malebog\/\" \/>\n<meta property=\"og:locale\" content=\"en_US\" \/>\n<meta property=\"og:type\" content=\"article\" \/>\n<meta property=\"og:title\" content=\"Malebog til b\u00f8rn med unikke fodbold-illustrationer - FANT\" \/>\n<meta property=\"og:description\" content=\"FANTs malebog til b\u00f8rn indeholder 18 unikke A4-illustrationer til farvel\u00e6gning. Illustrationerne handler om sport, b\u00f8rn og unge i Afrika.\" \/>\n<meta property=\"og:url\" content=\"https:\/\/fant.dk\/vare\/fant-malebog\/\" \/>\n<meta property=\"og:site_name\" content=\"FANT\" \/>\n<meta property=\"article:publisher\" content=\"https:\/\/www.facebook.com\/FANTforanewtomorrow\" \/>\n<meta property=\"article:modified_time\" content=\"2025-10-24T10:15:44+00:00\" \/>\n<meta property=\"og:image\" content=\"https:\/\/fant.dk\/wp-content\/uploads\/2024\/07\/webshop-malebog.png\" \/>\n\t<meta property=\"og:image:width\" content=\"1080\" \/>\n\t<meta property=\"og:image:height\" content=\"1350\" \/>\n\t<meta property=\"og:image:type\" content=\"image\/png\" \/>\n<meta name=\"twitter:card\" content=\"summary_large_image\" \/>\n<meta name=\"twitter:label1\" content=\"Est. reading time\" \/>\n\t<meta name=\"twitter:data1\" content=\"1 minute\" \/>\n<script type=\"application\/ld+json\" class=\"yoast-schema-graph\">{\"@context\":\"https:\\\/\\\/schema.org\",\"@graph\":[{\"@type\":\"WebPage\",\"@id\":\"https:\\\/\\\/fant.dk\\\/vare\\\/fant-malebog\\\/\",\"url\":\"https:\\\/\\\/fant.dk\\\/vare\\\/fant-malebog\\\/\",\"name\":\"Malebog til b\u00f8rn med unikke fodbold-illustrationer - FANT\",\"isPartOf\":{\"@id\":\"https:\\\/\\\/fant.dk\\\/#website\"},\"primaryImageOfPage\":{\"@id\":\"https:\\\/\\\/fant.dk\\\/vare\\\/fant-malebog\\\/#primaryimage\"},\"image\":{\"@id\":\"https:\\\/\\\/fant.dk\\\/vare\\\/fant-malebog\\\/#primaryimage\"},\"thumbnailUrl\":\"https:\\\/\\\/fant.dk\\\/wp-content\\\/uploads\\\/2024\\\/07\\\/webshop-malebog.png\",\"datePublished\":\"2024-07-17T12:31:39+00:00\",\"dateModified\":\"2025-10-24T10:15:44+00:00\",\"description\":\"FANTs malebog til b\u00f8rn indeholder 18 unikke A4-illustrationer til farvel\u00e6gning. Illustrationerne handler om sport, b\u00f8rn og unge i Afrika.\",\"breadcrumb\":{\"@id\":\"https:\\\/\\\/fant.dk\\\/vare\\\/fant-malebog\\\/#breadcrumb\"},\"inLanguage\":\"en-US\",\"potentialAction\":[{\"@type\":\"ReadAction\",\"target\":[\"https:\\\/\\\/fant.dk\\\/vare\\\/fant-malebog\\\/\"]}]},{\"@type\":\"ImageObject\",\"inLanguage\":\"en-US\",\"@id\":\"https:\\\/\\\/fant.dk\\\/vare\\\/fant-malebog\\\/#primaryimage\",\"url\":\"https:\\\/\\\/fant.dk\\\/wp-content\\\/uploads\\\/2024\\\/07\\\/webshop-malebog.png\",\"contentUrl\":\"https:\\\/\\\/fant.dk\\\/wp-content\\\/uploads\\\/2024\\\/07\\\/webshop-malebog.png\",\"width\":1080,\"height\":1350,\"caption\":\"malebog til b\u00f8rn\"},{\"@type\":\"BreadcrumbList\",\"@id\":\"https:\\\/\\\/fant.dk\\\/vare\\\/fant-malebog\\\/#breadcrumb\",\"itemListElement\":[{\"@type\":\"ListItem\",\"position\":1,\"name\":\"Hjem\",\"item\":\"https:\\\/\\\/fant.dk\\\/en\\\/\"},{\"@type\":\"ListItem\",\"position\":2,\"name\":\"Shop\",\"item\":\"https:\\\/\\\/fant.dk\\\/en\\\/shop-2\\\/\"},{\"@type\":\"ListItem\",\"position\":3,\"name\":\"FANT MALEBOG\"}]},{\"@type\":\"WebSite\",\"@id\":\"https:\\\/\\\/fant.dk\\\/#website\",\"url\":\"https:\\\/\\\/fant.dk\\\/\",\"name\":\"FANT\",\"description\":\"For A New Tomorrow \u26bd\ufe0f\",\"publisher\":{\"@id\":\"https:\\\/\\\/fant.dk\\\/#organization\"},\"potentialAction\":[{\"@type\":\"SearchAction\",\"target\":{\"@type\":\"EntryPoint\",\"urlTemplate\":\"https:\\\/\\\/fant.dk\\\/?s={search_term_string}\"},\"query-input\":{\"@type\":\"PropertyValueSpecification\",\"valueRequired\":true,\"valueName\":\"search_term_string\"}}],\"inLanguage\":\"en-US\"},{\"@type\":\"Organization\",\"@id\":\"https:\\\/\\\/fant.dk\\\/#organization\",\"name\":\"FANT\",\"url\":\"https:\\\/\\\/fant.dk\\\/\",\"logo\":{\"@type\":\"ImageObject\",\"inLanguage\":\"en-US\",\"@id\":\"https:\\\/\\\/fant.dk\\\/#\\\/schema\\\/logo\\\/image\\\/\",\"url\":\"https:\\\/\\\/fant.dk\\\/wp-content\\\/uploads\\\/2024\\\/08\\\/Fant_Logo_Payoff_Green_2022.png\",\"contentUrl\":\"https:\\\/\\\/fant.dk\\\/wp-content\\\/uploads\\\/2024\\\/08\\\/Fant_Logo_Payoff_Green_2022.png\",\"width\":930,\"height\":239,\"caption\":\"FANT\"},\"image\":{\"@id\":\"https:\\\/\\\/fant.dk\\\/#\\\/schema\\\/logo\\\/image\\\/\"},\"sameAs\":[\"https:\\\/\\\/www.facebook.com\\\/FANTforanewtomorrow\"]}]}<\/script>\n<!-- \/ Yoast SEO plugin. -->","yoast_head_json":{"title":"Malebog til b\u00f8rn med unikke fodbold-illustrationer - FANT","description":"FANTs malebog til b\u00f8rn indeholder 18 unikke A4-illustrationer til farvel\u00e6gning. Illustrationerne handler om sport, b\u00f8rn og unge i Afrika.","robots":{"index":"index","follow":"follow","max-snippet":"max-snippet:-1","max-image-preview":"max-image-preview:large","max-video-preview":"max-video-preview:-1"},"canonical":"https:\/\/fant.dk\/vare\/fant-malebog\/","og_locale":"en_US","og_type":"article","og_title":"Malebog til b\u00f8rn med unikke fodbold-illustrationer - FANT","og_description":"FANTs malebog til b\u00f8rn indeholder 18 unikke A4-illustrationer til farvel\u00e6gning. Illustrationerne handler om sport, b\u00f8rn og unge i Afrika.","og_url":"https:\/\/fant.dk\/vare\/fant-malebog\/","og_site_name":"FANT","article_publisher":"https:\/\/www.facebook.com\/FANTforanewtomorrow","article_modified_time":"2025-10-24T10:15:44+00:00","og_image":[{"width":1080,"height":1350,"url":"https:\/\/fant.dk\/wp-content\/uploads\/2024\/07\/webshop-malebog.png","type":"image\/png"}],"twitter_card":"summary_large_image","twitter_misc":{"Est. reading time":"1 minute"},"schema":{"@context":"https:\/\/schema.org","@graph":[{"@type":"WebPage","@id":"https:\/\/fant.dk\/vare\/fant-malebog\/","url":"https:\/\/fant.dk\/vare\/fant-malebog\/","name":"Malebog til b\u00f8rn med unikke fodbold-illustrationer - FANT","isPartOf":{"@id":"https:\/\/fant.dk\/#website"},"primaryImageOfPage":{"@id":"https:\/\/fant.dk\/vare\/fant-malebog\/#primaryimage"},"image":{"@id":"https:\/\/fant.dk\/vare\/fant-malebog\/#primaryimage"},"thumbnailUrl":"https:\/\/fant.dk\/wp-content\/uploads\/2024\/07\/webshop-malebog.png","datePublished":"2024-07-17T12:31:39+00:00","dateModified":"2025-10-24T10:15:44+00:00","description":"FANTs malebog til b\u00f8rn indeholder 18 unikke A4-illustrationer til farvel\u00e6gning. Illustrationerne handler om sport, b\u00f8rn og unge i Afrika.","breadcrumb":{"@id":"https:\/\/fant.dk\/vare\/fant-malebog\/#breadcrumb"},"inLanguage":"en-US","potentialAction":[{"@type":"ReadAction","target":["https:\/\/fant.dk\/vare\/fant-malebog\/"]}]},{"@type":"ImageObject","inLanguage":"en-US","@id":"https:\/\/fant.dk\/vare\/fant-malebog\/#primaryimage","url":"https:\/\/fant.dk\/wp-content\/uploads\/2024\/07\/webshop-malebog.png","contentUrl":"https:\/\/fant.dk\/wp-content\/uploads\/2024\/07\/webshop-malebog.png","width":1080,"height":1350,"caption":"malebog til b\u00f8rn"},{"@type":"BreadcrumbList","@id":"https:\/\/fant.dk\/vare\/fant-malebog\/#breadcrumb","itemListElement":[{"@type":"ListItem","position":1,"name":"Hjem","item":"https:\/\/fant.dk\/en\/"},{"@type":"ListItem","position":2,"name":"Shop","item":"https:\/\/fant.dk\/en\/shop-2\/"},{"@type":"ListItem","position":3,"name":"FANT MALEBOG"}]},{"@type":"WebSite","@id":"https:\/\/fant.dk\/#website","url":"https:\/\/fant.dk\/","name":"FANT","description":"For A New Tomorrow \u26bd\ufe0f","publisher":{"@id":"https:\/\/fant.dk\/#organization"},"potentialAction":[{"@type":"SearchAction","target":{"@type":"EntryPoint","urlTemplate":"https:\/\/fant.dk\/?s={search_term_string}"},"query-input":{"@type":"PropertyValueSpecification","valueRequired":true,"valueName":"search_term_string"}}],"inLanguage":"en-US"},{"@type":"Organization","@id":"https:\/\/fant.dk\/#organization","name":"FANT","url":"https:\/\/fant.dk\/","logo":{"@type":"ImageObject","inLanguage":"en-US","@id":"https:\/\/fant.dk\/#\/schema\/logo\/image\/","url":"https:\/\/fant.dk\/wp-content\/uploads\/2024\/08\/Fant_Logo_Payoff_Green_2022.png","contentUrl":"https:\/\/fant.dk\/wp-content\/uploads\/2024\/08\/Fant_Logo_Payoff_Green_2022.png","width":930,"height":239,"caption":"FANT"},"image":{"@id":"https:\/\/fant.dk\/#\/schema\/logo\/image\/"},"sameAs":["https:\/\/www.facebook.com\/FANTforanewtomorrow"]}]}},"_links":{"self":[{"href":"https:\/\/fant.dk\/en\/wp-json\/wp\/v2\/product\/7660","targetHints":{"allow":["GET"]}}],"collection":[{"href":"https:\/\/fant.dk\/en\/wp-json\/wp\/v2\/product"}],"about":[{"href":"https:\/\/fant.dk\/en\/wp-json\/wp\/v2\/types\/product"}],"wp:featuredmedia":[{"embeddable":true,"href":"https:\/\/fant.dk\/en\/wp-json\/wp\/v2\/media\/8196"}],"wp:attachment":[{"href":"https:\/\/fant.dk\/en\/wp-json\/wp\/v2\/media?parent=7660"}],"wp:term":[{"taxonomy":"product_brand","embeddable":true,"href":"https:\/\/fant.dk\/en\/wp-json\/wp\/v2\/product_brand?post=7660"},{"taxonomy":"product_cat","embeddable":true,"href":"https:\/\/fant.dk\/en\/wp-json\/wp\/v2\/product_cat?post=7660"},{"taxonomy":"product_tag","embeddable":true,"href":"https:\/\/fant.dk\/en\/wp-json\/wp\/v2\/product_tag?post=7660"}],"curies":[{"name":"wp","href":"https:\/\/api.w.org\/{rel}","templated":true}]}}