{"id":7659,"date":"2024-07-17T13:48:10","date_gmt":"2024-07-17T11:48:10","guid":{"rendered":"https:\/\/fant.dk\/?post_type=product&#038;p=7659"},"modified":"2025-08-22T11:56:06","modified_gmt":"2025-08-22T09:56:06","slug":"fant-puslespil-med-1000-brikker","status":"publish","type":"product","link":"https:\/\/fant.dk\/en\/vare\/fant-puslespil-med-1000-brikker\/","title":{"rendered":"FANT puslespil med 1000 brikker"},"content":{"rendered":"","protected":false},"excerpt":{"rendered":"<p>FANT arbejder for at skabe bedre livsvilk\u00e5r for b\u00f8rn, unge og marginaliserede grupper i Vestafrika, og vi bruger sport som afs\u00e6t for alt, hvad vi g\u00f8r. Puslespillet viser fodboldbanen i Kroo Bay, som er et omr\u00e5de i Sierra Leones Hovedstad med\u00a0uformelle bos\u00e6ttelser \u2013 det vi ogs\u00e5 kender som et slumomr\u00e5de. Der bor flere tusinde mennesker i sm\u00e5 blikskure t\u00e6t bygget op af hinanden.<\/p>\n<p>Der findes kun \u00e9t samlingspunkt i Kroo Bay, og det er fodboldbanen. Her m\u00f8des mennesker omkring alt, der omhandler det lokalsamfundet, og b\u00f8rnene har et sted, hvor de kan v\u00e6re b\u00f8rn, lege og spille bold.<\/p>\n<p>N\u00e5r du k\u00f8ber puslespillet st\u00f8tter du b\u00e5de vores arbejde i Kroo Bay og i resten af Sierra Leone samt Ghana og Gambia.<\/p>\n","protected":false},"featured_media":7656,"template":"","meta":{"inline_featured_image":false},"product_brand":[],"product_cat":[32],"product_tag":[],"class_list":{"0":"post-7659","1":"product","2":"type-product","3":"status-publish","4":"has-post-thumbnail","6":"product_cat-puslespil","9":"first","10":"instock","11":"purchasable","12":"product-type-simple"},"yoast_head":"<!-- This site is optimized with the Yoast SEO plugin v27.4 - https:\/\/yoast.com\/product\/yoast-seo-wordpress\/ -->\n<title>FANT puslespil med 1000 brikker - FANT<\/title>\n<meta name=\"robots\" content=\"index, follow, max-snippet:-1, max-image-preview:large, max-video-preview:-1\" \/>\n<link rel=\"canonical\" href=\"https:\/\/fant.dk\/vare\/fant-puslespil-med-1000-brikker\/\" \/>\n<meta property=\"og:locale\" content=\"en_US\" \/>\n<meta property=\"og:type\" content=\"article\" \/>\n<meta property=\"og:title\" content=\"FANT puslespil med 1000 brikker - FANT\" \/>\n<meta property=\"og:description\" content=\"FANT arbejder for at skabe bedre livsvilk\u00e5r for b\u00f8rn, unge og marginaliserede grupper i Vestafrika, og vi bruger sport som afs\u00e6t for alt, hvad vi g\u00f8r. Puslespillet viser fodboldbanen i Kroo Bay, som er et omr\u00e5de i Sierra Leones Hovedstad med\u00a0uformelle bos\u00e6ttelser \u2013 det vi ogs\u00e5 kender som et slumomr\u00e5de. Der bor flere tusinde mennesker i sm\u00e5 blikskure t\u00e6t bygget op af hinanden.Der findes kun \u00e9t samlingspunkt i Kroo Bay, og det er fodboldbanen. Her m\u00f8des mennesker omkring alt, der omhandler det lokalsamfundet, og b\u00f8rnene har et sted, hvor de kan v\u00e6re b\u00f8rn, lege og spille bold.N\u00e5r du k\u00f8ber puslespillet st\u00f8tter du b\u00e5de vores arbejde i Kroo Bay og i resten af Sierra Leone samt Ghana og Gambia.\" \/>\n<meta property=\"og:url\" content=\"https:\/\/fant.dk\/vare\/fant-puslespil-med-1000-brikker\/\" \/>\n<meta property=\"og:site_name\" content=\"FANT\" \/>\n<meta property=\"article:publisher\" content=\"https:\/\/www.facebook.com\/FANTforanewtomorrow\" \/>\n<meta property=\"article:modified_time\" content=\"2025-08-22T09:56:06+00:00\" \/>\n<meta property=\"og:image\" content=\"https:\/\/fant.dk\/wp-content\/uploads\/2024\/07\/puslespil1000.webp\" \/>\n\t<meta property=\"og:image:width\" content=\"703\" \/>\n\t<meta property=\"og:image:height\" content=\"984\" \/>\n\t<meta property=\"og:image:type\" content=\"image\/webp\" \/>\n<meta name=\"twitter:card\" content=\"summary_large_image\" \/>\n<script type=\"application\/ld+json\" class=\"yoast-schema-graph\">{\"@context\":\"https:\\\/\\\/schema.org\",\"@graph\":[{\"@type\":\"WebPage\",\"@id\":\"https:\\\/\\\/fant.dk\\\/vare\\\/fant-puslespil-med-1000-brikker\\\/\",\"url\":\"https:\\\/\\\/fant.dk\\\/vare\\\/fant-puslespil-med-1000-brikker\\\/\",\"name\":\"FANT puslespil med 1000 brikker - FANT\",\"isPartOf\":{\"@id\":\"https:\\\/\\\/fant.dk\\\/#website\"},\"primaryImageOfPage\":{\"@id\":\"https:\\\/\\\/fant.dk\\\/vare\\\/fant-puslespil-med-1000-brikker\\\/#primaryimage\"},\"image\":{\"@id\":\"https:\\\/\\\/fant.dk\\\/vare\\\/fant-puslespil-med-1000-brikker\\\/#primaryimage\"},\"thumbnailUrl\":\"https:\\\/\\\/fant.dk\\\/wp-content\\\/uploads\\\/2024\\\/07\\\/puslespil1000.webp\",\"datePublished\":\"2024-07-17T11:48:10+00:00\",\"dateModified\":\"2025-08-22T09:56:06+00:00\",\"breadcrumb\":{\"@id\":\"https:\\\/\\\/fant.dk\\\/vare\\\/fant-puslespil-med-1000-brikker\\\/#breadcrumb\"},\"inLanguage\":\"en-US\",\"potentialAction\":[{\"@type\":\"ReadAction\",\"target\":[\"https:\\\/\\\/fant.dk\\\/vare\\\/fant-puslespil-med-1000-brikker\\\/\"]}]},{\"@type\":\"ImageObject\",\"inLanguage\":\"en-US\",\"@id\":\"https:\\\/\\\/fant.dk\\\/vare\\\/fant-puslespil-med-1000-brikker\\\/#primaryimage\",\"url\":\"https:\\\/\\\/fant.dk\\\/wp-content\\\/uploads\\\/2024\\\/07\\\/puslespil1000.webp\",\"contentUrl\":\"https:\\\/\\\/fant.dk\\\/wp-content\\\/uploads\\\/2024\\\/07\\\/puslespil1000.webp\",\"width\":703,\"height\":984},{\"@type\":\"BreadcrumbList\",\"@id\":\"https:\\\/\\\/fant.dk\\\/vare\\\/fant-puslespil-med-1000-brikker\\\/#breadcrumb\",\"itemListElement\":[{\"@type\":\"ListItem\",\"position\":1,\"name\":\"Hjem\",\"item\":\"https:\\\/\\\/fant.dk\\\/en\\\/\"},{\"@type\":\"ListItem\",\"position\":2,\"name\":\"Shop\",\"item\":\"https:\\\/\\\/fant.dk\\\/en\\\/shop-2\\\/\"},{\"@type\":\"ListItem\",\"position\":3,\"name\":\"FANT puslespil med 1000 brikker\"}]},{\"@type\":\"WebSite\",\"@id\":\"https:\\\/\\\/fant.dk\\\/#website\",\"url\":\"https:\\\/\\\/fant.dk\\\/\",\"name\":\"FANT\",\"description\":\"For A New Tomorrow \u26bd\ufe0f\",\"publisher\":{\"@id\":\"https:\\\/\\\/fant.dk\\\/#organization\"},\"potentialAction\":[{\"@type\":\"SearchAction\",\"target\":{\"@type\":\"EntryPoint\",\"urlTemplate\":\"https:\\\/\\\/fant.dk\\\/?s={search_term_string}\"},\"query-input\":{\"@type\":\"PropertyValueSpecification\",\"valueRequired\":true,\"valueName\":\"search_term_string\"}}],\"inLanguage\":\"en-US\"},{\"@type\":\"Organization\",\"@id\":\"https:\\\/\\\/fant.dk\\\/#organization\",\"name\":\"FANT\",\"url\":\"https:\\\/\\\/fant.dk\\\/\",\"logo\":{\"@type\":\"ImageObject\",\"inLanguage\":\"en-US\",\"@id\":\"https:\\\/\\\/fant.dk\\\/#\\\/schema\\\/logo\\\/image\\\/\",\"url\":\"https:\\\/\\\/fant.dk\\\/wp-content\\\/uploads\\\/2024\\\/08\\\/Fant_Logo_Payoff_Green_2022.png\",\"contentUrl\":\"https:\\\/\\\/fant.dk\\\/wp-content\\\/uploads\\\/2024\\\/08\\\/Fant_Logo_Payoff_Green_2022.png\",\"width\":930,\"height\":239,\"caption\":\"FANT\"},\"image\":{\"@id\":\"https:\\\/\\\/fant.dk\\\/#\\\/schema\\\/logo\\\/image\\\/\"},\"sameAs\":[\"https:\\\/\\\/www.facebook.com\\\/FANTforanewtomorrow\"]}]}<\/script>\n<!-- \/ Yoast SEO plugin. -->","yoast_head_json":{"title":"FANT puslespil med 1000 brikker - FANT","robots":{"index":"index","follow":"follow","max-snippet":"max-snippet:-1","max-image-preview":"max-image-preview:large","max-video-preview":"max-video-preview:-1"},"canonical":"https:\/\/fant.dk\/vare\/fant-puslespil-med-1000-brikker\/","og_locale":"en_US","og_type":"article","og_title":"FANT puslespil med 1000 brikker - FANT","og_description":"FANT arbejder for at skabe bedre livsvilk\u00e5r for b\u00f8rn, unge og marginaliserede grupper i Vestafrika, og vi bruger sport som afs\u00e6t for alt, hvad vi g\u00f8r. Puslespillet viser fodboldbanen i Kroo Bay, som er et omr\u00e5de i Sierra Leones Hovedstad med\u00a0uformelle bos\u00e6ttelser \u2013 det vi ogs\u00e5 kender som et slumomr\u00e5de. Der bor flere tusinde mennesker i sm\u00e5 blikskure t\u00e6t bygget op af hinanden.Der findes kun \u00e9t samlingspunkt i Kroo Bay, og det er fodboldbanen. Her m\u00f8des mennesker omkring alt, der omhandler det lokalsamfundet, og b\u00f8rnene har et sted, hvor de kan v\u00e6re b\u00f8rn, lege og spille bold.N\u00e5r du k\u00f8ber puslespillet st\u00f8tter du b\u00e5de vores arbejde i Kroo Bay og i resten af Sierra Leone samt Ghana og Gambia.","og_url":"https:\/\/fant.dk\/vare\/fant-puslespil-med-1000-brikker\/","og_site_name":"FANT","article_publisher":"https:\/\/www.facebook.com\/FANTforanewtomorrow","article_modified_time":"2025-08-22T09:56:06+00:00","og_image":[{"width":703,"height":984,"url":"https:\/\/fant.dk\/wp-content\/uploads\/2024\/07\/puslespil1000.webp","type":"image\/webp"}],"twitter_card":"summary_large_image","schema":{"@context":"https:\/\/schema.org","@graph":[{"@type":"WebPage","@id":"https:\/\/fant.dk\/vare\/fant-puslespil-med-1000-brikker\/","url":"https:\/\/fant.dk\/vare\/fant-puslespil-med-1000-brikker\/","name":"FANT puslespil med 1000 brikker - FANT","isPartOf":{"@id":"https:\/\/fant.dk\/#website"},"primaryImageOfPage":{"@id":"https:\/\/fant.dk\/vare\/fant-puslespil-med-1000-brikker\/#primaryimage"},"image":{"@id":"https:\/\/fant.dk\/vare\/fant-puslespil-med-1000-brikker\/#primaryimage"},"thumbnailUrl":"https:\/\/fant.dk\/wp-content\/uploads\/2024\/07\/puslespil1000.webp","datePublished":"2024-07-17T11:48:10+00:00","dateModified":"2025-08-22T09:56:06+00:00","breadcrumb":{"@id":"https:\/\/fant.dk\/vare\/fant-puslespil-med-1000-brikker\/#breadcrumb"},"inLanguage":"en-US","potentialAction":[{"@type":"ReadAction","target":["https:\/\/fant.dk\/vare\/fant-puslespil-med-1000-brikker\/"]}]},{"@type":"ImageObject","inLanguage":"en-US","@id":"https:\/\/fant.dk\/vare\/fant-puslespil-med-1000-brikker\/#primaryimage","url":"https:\/\/fant.dk\/wp-content\/uploads\/2024\/07\/puslespil1000.webp","contentUrl":"https:\/\/fant.dk\/wp-content\/uploads\/2024\/07\/puslespil1000.webp","width":703,"height":984},{"@type":"BreadcrumbList","@id":"https:\/\/fant.dk\/vare\/fant-puslespil-med-1000-brikker\/#breadcrumb","itemListElement":[{"@type":"ListItem","position":1,"name":"Hjem","item":"https:\/\/fant.dk\/en\/"},{"@type":"ListItem","position":2,"name":"Shop","item":"https:\/\/fant.dk\/en\/shop-2\/"},{"@type":"ListItem","position":3,"name":"FANT puslespil med 1000 brikker"}]},{"@type":"WebSite","@id":"https:\/\/fant.dk\/#website","url":"https:\/\/fant.dk\/","name":"FANT","description":"For A New Tomorrow \u26bd\ufe0f","publisher":{"@id":"https:\/\/fant.dk\/#organization"},"potentialAction":[{"@type":"SearchAction","target":{"@type":"EntryPoint","urlTemplate":"https:\/\/fant.dk\/?s={search_term_string}"},"query-input":{"@type":"PropertyValueSpecification","valueRequired":true,"valueName":"search_term_string"}}],"inLanguage":"en-US"},{"@type":"Organization","@id":"https:\/\/fant.dk\/#organization","name":"FANT","url":"https:\/\/fant.dk\/","logo":{"@type":"ImageObject","inLanguage":"en-US","@id":"https:\/\/fant.dk\/#\/schema\/logo\/image\/","url":"https:\/\/fant.dk\/wp-content\/uploads\/2024\/08\/Fant_Logo_Payoff_Green_2022.png","contentUrl":"https:\/\/fant.dk\/wp-content\/uploads\/2024\/08\/Fant_Logo_Payoff_Green_2022.png","width":930,"height":239,"caption":"FANT"},"image":{"@id":"https:\/\/fant.dk\/#\/schema\/logo\/image\/"},"sameAs":["https:\/\/www.facebook.com\/FANTforanewtomorrow"]}]}},"_links":{"self":[{"href":"https:\/\/fant.dk\/en\/wp-json\/wp\/v2\/product\/7659","targetHints":{"allow":["GET"]}}],"collection":[{"href":"https:\/\/fant.dk\/en\/wp-json\/wp\/v2\/product"}],"about":[{"href":"https:\/\/fant.dk\/en\/wp-json\/wp\/v2\/types\/product"}],"wp:featuredmedia":[{"embeddable":true,"href":"https:\/\/fant.dk\/en\/wp-json\/wp\/v2\/media\/7656"}],"wp:attachment":[{"href":"https:\/\/fant.dk\/en\/wp-json\/wp\/v2\/media?parent=7659"}],"wp:term":[{"taxonomy":"product_brand","embeddable":true,"href":"https:\/\/fant.dk\/en\/wp-json\/wp\/v2\/product_brand?post=7659"},{"taxonomy":"product_cat","embeddable":true,"href":"https:\/\/fant.dk\/en\/wp-json\/wp\/v2\/product_cat?post=7659"},{"taxonomy":"product_tag","embeddable":true,"href":"https:\/\/fant.dk\/en\/wp-json\/wp\/v2\/product_tag?post=7659"}],"curies":[{"name":"wp","href":"https:\/\/api.w.org\/{rel}","templated":true}]}}