{"id":7637,"date":"2024-07-17T13:09:46","date_gmt":"2024-07-17T11:09:46","guid":{"rendered":"https:\/\/fant.dk\/?post_type=product&#038;p=7637"},"modified":"2025-10-24T12:15:48","modified_gmt":"2025-10-24T10:15:48","slug":"fant-10-aars-jubilaeums-t-shirt","status":"publish","type":"product","link":"https:\/\/fant.dk\/en\/vare\/fant-10-aars-jubilaeums-t-shirt\/","title":{"rendered":"FANTs 10-\u00e5rs jubil\u00e6ums-t-shirt"},"content":{"rendered":"<p>FANTs 10-\u00e5rs jubil\u00e6ums-t-shirt fra det danske m\u00e6rke\u00a0<a href=\"https:\/\/www.hummel.dk\/\" target=\"_blank\" rel=\"noopener\">hummel<\/a>.<\/p>\n<p>Det unikke design i gr\u00f8n og bl\u00e5 er inspireret af Sierra Leones flag og flotte landskab.<\/p>\n<p>Bagp\u00e5 er der trykt<\/p>\n<p>Trykt p\u00e5 sports-t-shirt<\/p>\n<p>Fantastisk sports-t-shirt fra hummel lavet til FANTs 10-\u00e5rs jubil\u00e6um under mottoet <strong>10 Years of Changing the World Through Sport<\/strong>. T-shirten er lavet i 100% polyester i hummels velkendte kvalitet, og designet er inspireret af Sierra Leones flag og flotte landskab.<\/p>\n<p>Materiale:<\/p>\n<p>Vaskeanvisninger i t-shirten.<\/p>\n<p>Materiale: 100 % polyester<\/p>\n","protected":false},"excerpt":{"rendered":"<p>FANTs 10-\u00e5rs jubil\u00e6ums-t-shirt fra det danske m\u00e6rke\u00a0<a href=\"https:\/\/www.hummel.dk\/\" target=\"_blank\" rel=\"noopener\">hummel<\/a>.<\/p>\n<p>Det unikke design i gr\u00f8n og bl\u00e5 er inspireret af Sierra Leones flag og flotte landskab.<\/p>\n<p>T-shirten er produceret i hummels velkendte kvalitet og under mottoet &#8220;<strong>10 Years of Changing the World Through Sport<\/strong>&#8220;, som ogs\u00e5 er trykt bagp\u00e5.<\/p>\n<p>Materiale: 100 % polyester<\/p>\n<p>Vaskeanvisninger i t-shirten<\/p>\n","protected":false},"featured_media":8223,"template":"","meta":{"inline_featured_image":false},"product_brand":[163],"product_cat":[26],"product_tag":[167,165,166,154,164],"class_list":{"0":"post-7637","1":"product","2":"type-product","3":"status-publish","4":"has-post-thumbnail","6":"product_brand-hummel","7":"product_cat-t-shirts","8":"product_tag-fant","9":"product_tag-hummel","10":"product_tag-jubilaeum","11":"product_tag-t-shirt","12":"product_tag-t-shirts","15":"first","16":"instock","17":"purchasable","18":"product-type-variable"},"yoast_head":"<!-- This site is optimized with the Yoast SEO plugin v27.4 - https:\/\/yoast.com\/product\/yoast-seo-wordpress\/ -->\n<title>Jubil\u00e6ums t-shirt fra hummel - FANT<\/title>\n<meta name=\"description\" content=\"FANTs 10-\u00e5rs jubil\u00e6ums t-shirt med unikt design fra danske hummel. T-shirten er bl\u00e5 og gr\u00f8n, inspireret af det sierra leonske flag og landskab.\" \/>\n<meta name=\"robots\" content=\"index, follow, max-snippet:-1, max-image-preview:large, max-video-preview:-1\" \/>\n<link rel=\"canonical\" href=\"https:\/\/fant.dk\/vare\/fant-10-aars-jubilaeums-t-shirt\/\" \/>\n<meta property=\"og:locale\" content=\"en_US\" \/>\n<meta property=\"og:type\" content=\"article\" \/>\n<meta property=\"og:title\" content=\"Jubil\u00e6ums t-shirt fra hummel - FANT\" \/>\n<meta property=\"og:description\" content=\"FANTs 10-\u00e5rs jubil\u00e6ums t-shirt med unikt design fra danske hummel. T-shirten er bl\u00e5 og gr\u00f8n, inspireret af det sierra leonske flag og landskab.\" \/>\n<meta property=\"og:url\" content=\"https:\/\/fant.dk\/vare\/fant-10-aars-jubilaeums-t-shirt\/\" \/>\n<meta property=\"og:site_name\" content=\"FANT\" \/>\n<meta property=\"article:publisher\" content=\"https:\/\/www.facebook.com\/FANTforanewtomorrow\" \/>\n<meta property=\"article:modified_time\" content=\"2025-10-24T10:15:48+00:00\" \/>\n<meta property=\"og:image\" content=\"https:\/\/fant.dk\/wp-content\/uploads\/2024\/07\/jubilaeums-tshirt1.jpg\" \/>\n\t<meta property=\"og:image:width\" content=\"1080\" \/>\n\t<meta property=\"og:image:height\" content=\"1350\" \/>\n\t<meta property=\"og:image:type\" content=\"image\/jpeg\" \/>\n<meta name=\"twitter:card\" content=\"summary_large_image\" \/>\n<meta name=\"twitter:label1\" content=\"Est. reading time\" \/>\n\t<meta name=\"twitter:data1\" content=\"1 minute\" \/>\n<script type=\"application\/ld+json\" class=\"yoast-schema-graph\">{\"@context\":\"https:\\\/\\\/schema.org\",\"@graph\":[{\"@type\":\"WebPage\",\"@id\":\"https:\\\/\\\/fant.dk\\\/vare\\\/fant-10-aars-jubilaeums-t-shirt\\\/\",\"url\":\"https:\\\/\\\/fant.dk\\\/vare\\\/fant-10-aars-jubilaeums-t-shirt\\\/\",\"name\":\"Jubil\u00e6ums t-shirt fra hummel - FANT\",\"isPartOf\":{\"@id\":\"https:\\\/\\\/fant.dk\\\/#website\"},\"primaryImageOfPage\":{\"@id\":\"https:\\\/\\\/fant.dk\\\/vare\\\/fant-10-aars-jubilaeums-t-shirt\\\/#primaryimage\"},\"image\":{\"@id\":\"https:\\\/\\\/fant.dk\\\/vare\\\/fant-10-aars-jubilaeums-t-shirt\\\/#primaryimage\"},\"thumbnailUrl\":\"https:\\\/\\\/fant.dk\\\/wp-content\\\/uploads\\\/2024\\\/07\\\/jubilaeums-tshirt1.jpg\",\"datePublished\":\"2024-07-17T11:09:46+00:00\",\"dateModified\":\"2025-10-24T10:15:48+00:00\",\"description\":\"FANTs 10-\u00e5rs jubil\u00e6ums t-shirt med unikt design fra danske hummel. T-shirten er bl\u00e5 og gr\u00f8n, inspireret af det sierra leonske flag og landskab.\",\"breadcrumb\":{\"@id\":\"https:\\\/\\\/fant.dk\\\/vare\\\/fant-10-aars-jubilaeums-t-shirt\\\/#breadcrumb\"},\"inLanguage\":\"en-US\",\"potentialAction\":[{\"@type\":\"ReadAction\",\"target\":[\"https:\\\/\\\/fant.dk\\\/vare\\\/fant-10-aars-jubilaeums-t-shirt\\\/\"]}]},{\"@type\":\"ImageObject\",\"inLanguage\":\"en-US\",\"@id\":\"https:\\\/\\\/fant.dk\\\/vare\\\/fant-10-aars-jubilaeums-t-shirt\\\/#primaryimage\",\"url\":\"https:\\\/\\\/fant.dk\\\/wp-content\\\/uploads\\\/2024\\\/07\\\/jubilaeums-tshirt1.jpg\",\"contentUrl\":\"https:\\\/\\\/fant.dk\\\/wp-content\\\/uploads\\\/2024\\\/07\\\/jubilaeums-tshirt1.jpg\",\"width\":1080,\"height\":1350,\"caption\":\"jubil\u00e6ums t-shirt\"},{\"@type\":\"BreadcrumbList\",\"@id\":\"https:\\\/\\\/fant.dk\\\/vare\\\/fant-10-aars-jubilaeums-t-shirt\\\/#breadcrumb\",\"itemListElement\":[{\"@type\":\"ListItem\",\"position\":1,\"name\":\"Hjem\",\"item\":\"https:\\\/\\\/fant.dk\\\/en\\\/\"},{\"@type\":\"ListItem\",\"position\":2,\"name\":\"Shop\",\"item\":\"https:\\\/\\\/fant.dk\\\/en\\\/shop-2\\\/\"},{\"@type\":\"ListItem\",\"position\":3,\"name\":\"FANTs 10-\u00e5rs jubil\u00e6ums-t-shirt\"}]},{\"@type\":\"WebSite\",\"@id\":\"https:\\\/\\\/fant.dk\\\/#website\",\"url\":\"https:\\\/\\\/fant.dk\\\/\",\"name\":\"FANT\",\"description\":\"For A New Tomorrow \u26bd\ufe0f\",\"publisher\":{\"@id\":\"https:\\\/\\\/fant.dk\\\/#organization\"},\"potentialAction\":[{\"@type\":\"SearchAction\",\"target\":{\"@type\":\"EntryPoint\",\"urlTemplate\":\"https:\\\/\\\/fant.dk\\\/?s={search_term_string}\"},\"query-input\":{\"@type\":\"PropertyValueSpecification\",\"valueRequired\":true,\"valueName\":\"search_term_string\"}}],\"inLanguage\":\"en-US\"},{\"@type\":\"Organization\",\"@id\":\"https:\\\/\\\/fant.dk\\\/#organization\",\"name\":\"FANT\",\"url\":\"https:\\\/\\\/fant.dk\\\/\",\"logo\":{\"@type\":\"ImageObject\",\"inLanguage\":\"en-US\",\"@id\":\"https:\\\/\\\/fant.dk\\\/#\\\/schema\\\/logo\\\/image\\\/\",\"url\":\"https:\\\/\\\/fant.dk\\\/wp-content\\\/uploads\\\/2024\\\/08\\\/Fant_Logo_Payoff_Green_2022.png\",\"contentUrl\":\"https:\\\/\\\/fant.dk\\\/wp-content\\\/uploads\\\/2024\\\/08\\\/Fant_Logo_Payoff_Green_2022.png\",\"width\":930,\"height\":239,\"caption\":\"FANT\"},\"image\":{\"@id\":\"https:\\\/\\\/fant.dk\\\/#\\\/schema\\\/logo\\\/image\\\/\"},\"sameAs\":[\"https:\\\/\\\/www.facebook.com\\\/FANTforanewtomorrow\"]}]}<\/script>\n<!-- \/ Yoast SEO plugin. -->","yoast_head_json":{"title":"Jubil\u00e6ums t-shirt fra hummel - FANT","description":"FANTs 10-\u00e5rs jubil\u00e6ums t-shirt med unikt design fra danske hummel. T-shirten er bl\u00e5 og gr\u00f8n, inspireret af det sierra leonske flag og landskab.","robots":{"index":"index","follow":"follow","max-snippet":"max-snippet:-1","max-image-preview":"max-image-preview:large","max-video-preview":"max-video-preview:-1"},"canonical":"https:\/\/fant.dk\/vare\/fant-10-aars-jubilaeums-t-shirt\/","og_locale":"en_US","og_type":"article","og_title":"Jubil\u00e6ums t-shirt fra hummel - FANT","og_description":"FANTs 10-\u00e5rs jubil\u00e6ums t-shirt med unikt design fra danske hummel. T-shirten er bl\u00e5 og gr\u00f8n, inspireret af det sierra leonske flag og landskab.","og_url":"https:\/\/fant.dk\/vare\/fant-10-aars-jubilaeums-t-shirt\/","og_site_name":"FANT","article_publisher":"https:\/\/www.facebook.com\/FANTforanewtomorrow","article_modified_time":"2025-10-24T10:15:48+00:00","og_image":[{"width":1080,"height":1350,"url":"https:\/\/fant.dk\/wp-content\/uploads\/2024\/07\/jubilaeums-tshirt1.jpg","type":"image\/jpeg"}],"twitter_card":"summary_large_image","twitter_misc":{"Est. reading time":"1 minute"},"schema":{"@context":"https:\/\/schema.org","@graph":[{"@type":"WebPage","@id":"https:\/\/fant.dk\/vare\/fant-10-aars-jubilaeums-t-shirt\/","url":"https:\/\/fant.dk\/vare\/fant-10-aars-jubilaeums-t-shirt\/","name":"Jubil\u00e6ums t-shirt fra hummel - FANT","isPartOf":{"@id":"https:\/\/fant.dk\/#website"},"primaryImageOfPage":{"@id":"https:\/\/fant.dk\/vare\/fant-10-aars-jubilaeums-t-shirt\/#primaryimage"},"image":{"@id":"https:\/\/fant.dk\/vare\/fant-10-aars-jubilaeums-t-shirt\/#primaryimage"},"thumbnailUrl":"https:\/\/fant.dk\/wp-content\/uploads\/2024\/07\/jubilaeums-tshirt1.jpg","datePublished":"2024-07-17T11:09:46+00:00","dateModified":"2025-10-24T10:15:48+00:00","description":"FANTs 10-\u00e5rs jubil\u00e6ums t-shirt med unikt design fra danske hummel. T-shirten er bl\u00e5 og gr\u00f8n, inspireret af det sierra leonske flag og landskab.","breadcrumb":{"@id":"https:\/\/fant.dk\/vare\/fant-10-aars-jubilaeums-t-shirt\/#breadcrumb"},"inLanguage":"en-US","potentialAction":[{"@type":"ReadAction","target":["https:\/\/fant.dk\/vare\/fant-10-aars-jubilaeums-t-shirt\/"]}]},{"@type":"ImageObject","inLanguage":"en-US","@id":"https:\/\/fant.dk\/vare\/fant-10-aars-jubilaeums-t-shirt\/#primaryimage","url":"https:\/\/fant.dk\/wp-content\/uploads\/2024\/07\/jubilaeums-tshirt1.jpg","contentUrl":"https:\/\/fant.dk\/wp-content\/uploads\/2024\/07\/jubilaeums-tshirt1.jpg","width":1080,"height":1350,"caption":"jubil\u00e6ums t-shirt"},{"@type":"BreadcrumbList","@id":"https:\/\/fant.dk\/vare\/fant-10-aars-jubilaeums-t-shirt\/#breadcrumb","itemListElement":[{"@type":"ListItem","position":1,"name":"Hjem","item":"https:\/\/fant.dk\/en\/"},{"@type":"ListItem","position":2,"name":"Shop","item":"https:\/\/fant.dk\/en\/shop-2\/"},{"@type":"ListItem","position":3,"name":"FANTs 10-\u00e5rs jubil\u00e6ums-t-shirt"}]},{"@type":"WebSite","@id":"https:\/\/fant.dk\/#website","url":"https:\/\/fant.dk\/","name":"FANT","description":"For A New Tomorrow \u26bd\ufe0f","publisher":{"@id":"https:\/\/fant.dk\/#organization"},"potentialAction":[{"@type":"SearchAction","target":{"@type":"EntryPoint","urlTemplate":"https:\/\/fant.dk\/?s={search_term_string}"},"query-input":{"@type":"PropertyValueSpecification","valueRequired":true,"valueName":"search_term_string"}}],"inLanguage":"en-US"},{"@type":"Organization","@id":"https:\/\/fant.dk\/#organization","name":"FANT","url":"https:\/\/fant.dk\/","logo":{"@type":"ImageObject","inLanguage":"en-US","@id":"https:\/\/fant.dk\/#\/schema\/logo\/image\/","url":"https:\/\/fant.dk\/wp-content\/uploads\/2024\/08\/Fant_Logo_Payoff_Green_2022.png","contentUrl":"https:\/\/fant.dk\/wp-content\/uploads\/2024\/08\/Fant_Logo_Payoff_Green_2022.png","width":930,"height":239,"caption":"FANT"},"image":{"@id":"https:\/\/fant.dk\/#\/schema\/logo\/image\/"},"sameAs":["https:\/\/www.facebook.com\/FANTforanewtomorrow"]}]}},"_links":{"self":[{"href":"https:\/\/fant.dk\/en\/wp-json\/wp\/v2\/product\/7637","targetHints":{"allow":["GET"]}}],"collection":[{"href":"https:\/\/fant.dk\/en\/wp-json\/wp\/v2\/product"}],"about":[{"href":"https:\/\/fant.dk\/en\/wp-json\/wp\/v2\/types\/product"}],"wp:featuredmedia":[{"embeddable":true,"href":"https:\/\/fant.dk\/en\/wp-json\/wp\/v2\/media\/8223"}],"wp:attachment":[{"href":"https:\/\/fant.dk\/en\/wp-json\/wp\/v2\/media?parent=7637"}],"wp:term":[{"taxonomy":"product_brand","embeddable":true,"href":"https:\/\/fant.dk\/en\/wp-json\/wp\/v2\/product_brand?post=7637"},{"taxonomy":"product_cat","embeddable":true,"href":"https:\/\/fant.dk\/en\/wp-json\/wp\/v2\/product_cat?post=7637"},{"taxonomy":"product_tag","embeddable":true,"href":"https:\/\/fant.dk\/en\/wp-json\/wp\/v2\/product_tag?post=7637"}],"curies":[{"name":"wp","href":"https:\/\/api.w.org\/{rel}","templated":true}]}}