{"id":253,"date":"2023-08-30T11:45:13","date_gmt":"2023-08-30T09:45:13","guid":{"rendered":"https:\/\/fant.dk\/?post_type=product&#038;p=253"},"modified":"2025-08-22T11:59:27","modified_gmt":"2025-08-22T09:59:27","slug":"kammeratmaerket","status":"publish","type":"product","link":"https:\/\/fant.dk\/en\/vare\/kammeratmaerket\/","title":{"rendered":"FANT x Mandsholdet kammeratm\u00e6rke"},"content":{"rendered":"\n<p>V\u00e6r en rigtig kammerat! K\u00f8b kammeratm\u00e6rket til dit fodboldhold \u2013 der er 18 m\u00e6rker i hver pakke.<br><br><strong>Forsendelse<br><\/strong>Ved betaling v\u00e6lger du selv, om du vil have kammeratm\u00e6rket sendt som brev med Postnord (billigst) eller som pakke til den n\u00e6rmeste DAO pakkeshop. Du kan helt slippe for at betale for forsendelse, hvis du henter dine kammeratm\u00e6rker p\u00e5 vores kontor p\u00e5 Islands Brygge. Vi kan kun sikre leveringen hvis dit navn st\u00e5r p\u00e5 postkassen.<\/p>\n","protected":false},"excerpt":{"rendered":"<p>V\u00e6r en rigtig kammerat; k\u00f8b kammeratm\u00e6rket til dit fodboldhold! Vi har lavet m\u00e6rket i samarbejde med vores gode venner fra Mandsholdet og de er perfekte til at klistre p\u00e5 tr\u00f8jer, tasker eller andre sjove ting, der h\u00f8rer hjemme p\u00e5 serieholdet. Der er 18 m\u00e6rker i hver pakke.<\/p>\n","protected":false},"featured_media":258,"template":"","meta":{"inline_featured_image":false},"product_brand":[],"product_cat":[30],"product_tag":[],"class_list":{"0":"post-253","1":"product","2":"type-product","3":"status-publish","4":"has-post-thumbnail","6":"product_cat-mandsholdet","9":"first","10":"instock","11":"purchasable","12":"product-type-simple"},"yoast_head":"<!-- This site is optimized with the Yoast SEO plugin v27.4 - https:\/\/yoast.com\/product\/yoast-seo-wordpress\/ -->\n<title>FANT x Mandsholdet kammeratm\u00e6rke - FANT<\/title>\n<meta name=\"robots\" content=\"index, follow, max-snippet:-1, max-image-preview:large, max-video-preview:-1\" \/>\n<link rel=\"canonical\" href=\"https:\/\/fant.dk\/vare\/kammeratmaerket\/\" \/>\n<meta property=\"og:locale\" content=\"en_US\" \/>\n<meta property=\"og:type\" content=\"article\" \/>\n<meta property=\"og:title\" content=\"FANT x Mandsholdet kammeratm\u00e6rke - FANT\" \/>\n<meta property=\"og:description\" content=\"V\u00e6r en rigtig kammerat; k\u00f8b kammeratm\u00e6rket til dit fodboldhold! Vi har lavet m\u00e6rket i samarbejde med vores gode venner fra Mandsholdet og de er perfekte til at klistre p\u00e5 tr\u00f8jer, tasker eller andre sjove ting, der h\u00f8rer hjemme p\u00e5 serieholdet. Der er 18 m\u00e6rker i hver pakke.\" \/>\n<meta property=\"og:url\" content=\"https:\/\/fant.dk\/vare\/kammeratmaerket\/\" \/>\n<meta property=\"og:site_name\" content=\"FANT\" \/>\n<meta property=\"article:publisher\" content=\"https:\/\/www.facebook.com\/FANTforanewtomorrow\" \/>\n<meta property=\"article:modified_time\" content=\"2025-08-22T09:59:27+00:00\" \/>\n<meta property=\"og:image\" content=\"https:\/\/fant.dk\/wp-content\/uploads\/2023\/08\/kammerat1-1.jpg\" \/>\n\t<meta property=\"og:image:width\" content=\"960\" \/>\n\t<meta property=\"og:image:height\" content=\"1280\" \/>\n\t<meta property=\"og:image:type\" content=\"image\/jpeg\" \/>\n<meta name=\"twitter:card\" content=\"summary_large_image\" \/>\n<script type=\"application\/ld+json\" class=\"yoast-schema-graph\">{\"@context\":\"https:\\\/\\\/schema.org\",\"@graph\":[{\"@type\":\"WebPage\",\"@id\":\"https:\\\/\\\/fant.dk\\\/vare\\\/kammeratmaerket\\\/\",\"url\":\"https:\\\/\\\/fant.dk\\\/vare\\\/kammeratmaerket\\\/\",\"name\":\"FANT x Mandsholdet kammeratm\u00e6rke - FANT\",\"isPartOf\":{\"@id\":\"https:\\\/\\\/fant.dk\\\/#website\"},\"primaryImageOfPage\":{\"@id\":\"https:\\\/\\\/fant.dk\\\/vare\\\/kammeratmaerket\\\/#primaryimage\"},\"image\":{\"@id\":\"https:\\\/\\\/fant.dk\\\/vare\\\/kammeratmaerket\\\/#primaryimage\"},\"thumbnailUrl\":\"https:\\\/\\\/fant.dk\\\/wp-content\\\/uploads\\\/2023\\\/08\\\/kammerat1-1.jpg\",\"datePublished\":\"2023-08-30T09:45:13+00:00\",\"dateModified\":\"2025-08-22T09:59:27+00:00\",\"breadcrumb\":{\"@id\":\"https:\\\/\\\/fant.dk\\\/vare\\\/kammeratmaerket\\\/#breadcrumb\"},\"inLanguage\":\"en-US\",\"potentialAction\":[{\"@type\":\"ReadAction\",\"target\":[\"https:\\\/\\\/fant.dk\\\/vare\\\/kammeratmaerket\\\/\"]}]},{\"@type\":\"ImageObject\",\"inLanguage\":\"en-US\",\"@id\":\"https:\\\/\\\/fant.dk\\\/vare\\\/kammeratmaerket\\\/#primaryimage\",\"url\":\"https:\\\/\\\/fant.dk\\\/wp-content\\\/uploads\\\/2023\\\/08\\\/kammerat1-1.jpg\",\"contentUrl\":\"https:\\\/\\\/fant.dk\\\/wp-content\\\/uploads\\\/2023\\\/08\\\/kammerat1-1.jpg\",\"width\":960,\"height\":1280},{\"@type\":\"BreadcrumbList\",\"@id\":\"https:\\\/\\\/fant.dk\\\/vare\\\/kammeratmaerket\\\/#breadcrumb\",\"itemListElement\":[{\"@type\":\"ListItem\",\"position\":1,\"name\":\"Hjem\",\"item\":\"https:\\\/\\\/fant.dk\\\/en\\\/\"},{\"@type\":\"ListItem\",\"position\":2,\"name\":\"Shop\",\"item\":\"https:\\\/\\\/fant.dk\\\/en\\\/shop-2\\\/\"},{\"@type\":\"ListItem\",\"position\":3,\"name\":\"FANT x Mandsholdet kammeratm\u00e6rke\"}]},{\"@type\":\"WebSite\",\"@id\":\"https:\\\/\\\/fant.dk\\\/#website\",\"url\":\"https:\\\/\\\/fant.dk\\\/\",\"name\":\"FANT\",\"description\":\"For A New Tomorrow \u26bd\ufe0f\",\"publisher\":{\"@id\":\"https:\\\/\\\/fant.dk\\\/#organization\"},\"potentialAction\":[{\"@type\":\"SearchAction\",\"target\":{\"@type\":\"EntryPoint\",\"urlTemplate\":\"https:\\\/\\\/fant.dk\\\/?s={search_term_string}\"},\"query-input\":{\"@type\":\"PropertyValueSpecification\",\"valueRequired\":true,\"valueName\":\"search_term_string\"}}],\"inLanguage\":\"en-US\"},{\"@type\":\"Organization\",\"@id\":\"https:\\\/\\\/fant.dk\\\/#organization\",\"name\":\"FANT\",\"url\":\"https:\\\/\\\/fant.dk\\\/\",\"logo\":{\"@type\":\"ImageObject\",\"inLanguage\":\"en-US\",\"@id\":\"https:\\\/\\\/fant.dk\\\/#\\\/schema\\\/logo\\\/image\\\/\",\"url\":\"https:\\\/\\\/fant.dk\\\/wp-content\\\/uploads\\\/2024\\\/08\\\/Fant_Logo_Payoff_Green_2022.png\",\"contentUrl\":\"https:\\\/\\\/fant.dk\\\/wp-content\\\/uploads\\\/2024\\\/08\\\/Fant_Logo_Payoff_Green_2022.png\",\"width\":930,\"height\":239,\"caption\":\"FANT\"},\"image\":{\"@id\":\"https:\\\/\\\/fant.dk\\\/#\\\/schema\\\/logo\\\/image\\\/\"},\"sameAs\":[\"https:\\\/\\\/www.facebook.com\\\/FANTforanewtomorrow\"]}]}<\/script>\n<!-- \/ Yoast SEO plugin. -->","yoast_head_json":{"title":"FANT x Mandsholdet kammeratm\u00e6rke - FANT","robots":{"index":"index","follow":"follow","max-snippet":"max-snippet:-1","max-image-preview":"max-image-preview:large","max-video-preview":"max-video-preview:-1"},"canonical":"https:\/\/fant.dk\/vare\/kammeratmaerket\/","og_locale":"en_US","og_type":"article","og_title":"FANT x Mandsholdet kammeratm\u00e6rke - FANT","og_description":"V\u00e6r en rigtig kammerat; k\u00f8b kammeratm\u00e6rket til dit fodboldhold! Vi har lavet m\u00e6rket i samarbejde med vores gode venner fra Mandsholdet og de er perfekte til at klistre p\u00e5 tr\u00f8jer, tasker eller andre sjove ting, der h\u00f8rer hjemme p\u00e5 serieholdet. Der er 18 m\u00e6rker i hver pakke.","og_url":"https:\/\/fant.dk\/vare\/kammeratmaerket\/","og_site_name":"FANT","article_publisher":"https:\/\/www.facebook.com\/FANTforanewtomorrow","article_modified_time":"2025-08-22T09:59:27+00:00","og_image":[{"width":960,"height":1280,"url":"https:\/\/fant.dk\/wp-content\/uploads\/2023\/08\/kammerat1-1.jpg","type":"image\/jpeg"}],"twitter_card":"summary_large_image","schema":{"@context":"https:\/\/schema.org","@graph":[{"@type":"WebPage","@id":"https:\/\/fant.dk\/vare\/kammeratmaerket\/","url":"https:\/\/fant.dk\/vare\/kammeratmaerket\/","name":"FANT x Mandsholdet kammeratm\u00e6rke - FANT","isPartOf":{"@id":"https:\/\/fant.dk\/#website"},"primaryImageOfPage":{"@id":"https:\/\/fant.dk\/vare\/kammeratmaerket\/#primaryimage"},"image":{"@id":"https:\/\/fant.dk\/vare\/kammeratmaerket\/#primaryimage"},"thumbnailUrl":"https:\/\/fant.dk\/wp-content\/uploads\/2023\/08\/kammerat1-1.jpg","datePublished":"2023-08-30T09:45:13+00:00","dateModified":"2025-08-22T09:59:27+00:00","breadcrumb":{"@id":"https:\/\/fant.dk\/vare\/kammeratmaerket\/#breadcrumb"},"inLanguage":"en-US","potentialAction":[{"@type":"ReadAction","target":["https:\/\/fant.dk\/vare\/kammeratmaerket\/"]}]},{"@type":"ImageObject","inLanguage":"en-US","@id":"https:\/\/fant.dk\/vare\/kammeratmaerket\/#primaryimage","url":"https:\/\/fant.dk\/wp-content\/uploads\/2023\/08\/kammerat1-1.jpg","contentUrl":"https:\/\/fant.dk\/wp-content\/uploads\/2023\/08\/kammerat1-1.jpg","width":960,"height":1280},{"@type":"BreadcrumbList","@id":"https:\/\/fant.dk\/vare\/kammeratmaerket\/#breadcrumb","itemListElement":[{"@type":"ListItem","position":1,"name":"Hjem","item":"https:\/\/fant.dk\/en\/"},{"@type":"ListItem","position":2,"name":"Shop","item":"https:\/\/fant.dk\/en\/shop-2\/"},{"@type":"ListItem","position":3,"name":"FANT x Mandsholdet kammeratm\u00e6rke"}]},{"@type":"WebSite","@id":"https:\/\/fant.dk\/#website","url":"https:\/\/fant.dk\/","name":"FANT","description":"For A New Tomorrow \u26bd\ufe0f","publisher":{"@id":"https:\/\/fant.dk\/#organization"},"potentialAction":[{"@type":"SearchAction","target":{"@type":"EntryPoint","urlTemplate":"https:\/\/fant.dk\/?s={search_term_string}"},"query-input":{"@type":"PropertyValueSpecification","valueRequired":true,"valueName":"search_term_string"}}],"inLanguage":"en-US"},{"@type":"Organization","@id":"https:\/\/fant.dk\/#organization","name":"FANT","url":"https:\/\/fant.dk\/","logo":{"@type":"ImageObject","inLanguage":"en-US","@id":"https:\/\/fant.dk\/#\/schema\/logo\/image\/","url":"https:\/\/fant.dk\/wp-content\/uploads\/2024\/08\/Fant_Logo_Payoff_Green_2022.png","contentUrl":"https:\/\/fant.dk\/wp-content\/uploads\/2024\/08\/Fant_Logo_Payoff_Green_2022.png","width":930,"height":239,"caption":"FANT"},"image":{"@id":"https:\/\/fant.dk\/#\/schema\/logo\/image\/"},"sameAs":["https:\/\/www.facebook.com\/FANTforanewtomorrow"]}]}},"_links":{"self":[{"href":"https:\/\/fant.dk\/en\/wp-json\/wp\/v2\/product\/253","targetHints":{"allow":["GET"]}}],"collection":[{"href":"https:\/\/fant.dk\/en\/wp-json\/wp\/v2\/product"}],"about":[{"href":"https:\/\/fant.dk\/en\/wp-json\/wp\/v2\/types\/product"}],"wp:featuredmedia":[{"embeddable":true,"href":"https:\/\/fant.dk\/en\/wp-json\/wp\/v2\/media\/258"}],"wp:attachment":[{"href":"https:\/\/fant.dk\/en\/wp-json\/wp\/v2\/media?parent=253"}],"wp:term":[{"taxonomy":"product_brand","embeddable":true,"href":"https:\/\/fant.dk\/en\/wp-json\/wp\/v2\/product_brand?post=253"},{"taxonomy":"product_cat","embeddable":true,"href":"https:\/\/fant.dk\/en\/wp-json\/wp\/v2\/product_cat?post=253"},{"taxonomy":"product_tag","embeddable":true,"href":"https:\/\/fant.dk\/en\/wp-json\/wp\/v2\/product_tag?post=253"}],"curies":[{"name":"wp","href":"https:\/\/api.w.org\/{rel}","templated":true}]}}