{"id":7313,"date":"2023-08-23T15:01:38","date_gmt":"2023-08-23T14:01:38","guid":{"rendered":"https:\/\/fant.dk\/aarsberetninger-og-vedtaegter-english\/"},"modified":"2024-02-01T13:26:35","modified_gmt":"2024-02-01T11:26:35","slug":"aarsberetninger-og-vedtaegter","status":"publish","type":"page","link":"https:\/\/fant.dk\/en\/about\/aarsberetninger-og-vedtaegter\/","title":{"rendered":"Constitution and Reports"},"content":{"rendered":"<div id=\"cs-content\" class=\"cs-content\"><\/div>\n","protected":false},"excerpt":{"rendered":"<p>FANT&Aring;rsberetninger og vedt&aelig;gterHer kan du downloade vores \u00e5rsberetninger og vedt\u00e6gter. I vores \u00e5rsberetninger kan du l\u00e6se om FANT\u2019s aktiviteter og m\u00e5l. \u00c5rsberetningerne er fremlagt og godkendt p\u00e5 den \u00e5rlige generalforsamling.&Aring;rsberetningerFind vores &aring;rsberetninger her:2022ArkivDownload \u00e5rsberetning 2022 2021 2020 2019 2018 2017 2016 2015 2014 2013 2012 &Aring;rsregnskabFind vores &aring;rsregnskaber her:2022ArkivDownload \u00e5rsberetning 2022 2021 2020 Vedt&aelig;gterFind vores vedt&aelig;gter her:2022Download vedt\u00e6gter<\/p>\n","protected":false},"author":16,"featured_media":0,"parent":224,"menu_order":4,"comment_status":"closed","ping_status":"closed","template":"template-blank-4.php","meta":{"inline_featured_image":false,"footnotes":""},"class_list":["post-7313","page","type-page","status-publish","hentry","no-post-thumbnail"],"yoast_head":"<!-- This site is optimized with the Yoast SEO plugin v27.4 - https:\/\/yoast.com\/product\/yoast-seo-wordpress\/ -->\n<title>Constitution and Reports - FANT<\/title>\n<meta name=\"robots\" content=\"index, follow, max-snippet:-1, max-image-preview:large, max-video-preview:-1\" \/>\n<link rel=\"canonical\" href=\"https:\/\/fant.dk\/en\/about\/aarsberetninger-og-vedtaegter\/\" \/>\n<meta property=\"og:locale\" content=\"en_US\" \/>\n<meta property=\"og:type\" content=\"article\" \/>\n<meta property=\"og:title\" content=\"Constitution and Reports - FANT\" \/>\n<meta property=\"og:description\" content=\"FANT&Aring;rsberetninger og vedt&aelig;gterHer kan du downloade vores \u00e5rsberetninger og vedt\u00e6gter. I vores \u00e5rsberetninger kan du l\u00e6se om FANT\u2019s aktiviteter og m\u00e5l. \u00c5rsberetningerne er fremlagt og godkendt p\u00e5 den \u00e5rlige generalforsamling.&Aring;rsberetningerFind vores &aring;rsberetninger her:2022ArkivDownload \u00e5rsberetning 2022 2021 2020 2019 2018 2017 2016 2015 2014 2013 2012 &Aring;rsregnskabFind vores &aring;rsregnskaber her:2022ArkivDownload \u00e5rsberetning 2022 2021 2020 Vedt&aelig;gterFind vores vedt&aelig;gter her:2022Download vedt\u00e6gter\" \/>\n<meta property=\"og:url\" content=\"https:\/\/fant.dk\/en\/about\/aarsberetninger-og-vedtaegter\/\" \/>\n<meta property=\"og:site_name\" content=\"FANT\" \/>\n<meta property=\"article:publisher\" content=\"https:\/\/www.facebook.com\/FANTforanewtomorrow\" \/>\n<meta property=\"article:modified_time\" content=\"2024-02-01T11:26:35+00:00\" \/>\n<meta name=\"twitter:card\" content=\"summary_large_image\" \/>\n<meta name=\"twitter:label1\" content=\"Est. reading time\" \/>\n\t<meta name=\"twitter:data1\" content=\"1 minute\" \/>\n<script type=\"application\/ld+json\" class=\"yoast-schema-graph\">{\"@context\":\"https:\\\/\\\/schema.org\",\"@graph\":[{\"@type\":\"WebPage\",\"@id\":\"https:\\\/\\\/fant.dk\\\/en\\\/about\\\/aarsberetninger-og-vedtaegter\\\/\",\"url\":\"https:\\\/\\\/fant.dk\\\/en\\\/about\\\/aarsberetninger-og-vedtaegter\\\/\",\"name\":\"Constitution and Reports - FANT\",\"isPartOf\":{\"@id\":\"https:\\\/\\\/fant.dk\\\/#website\"},\"datePublished\":\"2023-08-23T14:01:38+00:00\",\"dateModified\":\"2024-02-01T11:26:35+00:00\",\"breadcrumb\":{\"@id\":\"https:\\\/\\\/fant.dk\\\/en\\\/about\\\/aarsberetninger-og-vedtaegter\\\/#breadcrumb\"},\"inLanguage\":\"en-US\",\"potentialAction\":[{\"@type\":\"ReadAction\",\"target\":[\"https:\\\/\\\/fant.dk\\\/en\\\/about\\\/aarsberetninger-og-vedtaegter\\\/\"]}]},{\"@type\":\"BreadcrumbList\",\"@id\":\"https:\\\/\\\/fant.dk\\\/en\\\/about\\\/aarsberetninger-og-vedtaegter\\\/#breadcrumb\",\"itemListElement\":[{\"@type\":\"ListItem\",\"position\":1,\"name\":\"Hjem\",\"item\":\"https:\\\/\\\/fant.dk\\\/en\\\/\"},{\"@type\":\"ListItem\",\"position\":2,\"name\":\"About FANT\",\"item\":\"https:\\\/\\\/fant.dk\\\/en\\\/about\\\/\"},{\"@type\":\"ListItem\",\"position\":3,\"name\":\"Constitution and Reports\"}]},{\"@type\":\"WebSite\",\"@id\":\"https:\\\/\\\/fant.dk\\\/#website\",\"url\":\"https:\\\/\\\/fant.dk\\\/\",\"name\":\"FANT\",\"description\":\"For A New Tomorrow \u26bd\ufe0f\",\"publisher\":{\"@id\":\"https:\\\/\\\/fant.dk\\\/#organization\"},\"potentialAction\":[{\"@type\":\"SearchAction\",\"target\":{\"@type\":\"EntryPoint\",\"urlTemplate\":\"https:\\\/\\\/fant.dk\\\/?s={search_term_string}\"},\"query-input\":{\"@type\":\"PropertyValueSpecification\",\"valueRequired\":true,\"valueName\":\"search_term_string\"}}],\"inLanguage\":\"en-US\"},{\"@type\":\"Organization\",\"@id\":\"https:\\\/\\\/fant.dk\\\/#organization\",\"name\":\"FANT\",\"url\":\"https:\\\/\\\/fant.dk\\\/\",\"logo\":{\"@type\":\"ImageObject\",\"inLanguage\":\"en-US\",\"@id\":\"https:\\\/\\\/fant.dk\\\/#\\\/schema\\\/logo\\\/image\\\/\",\"url\":\"https:\\\/\\\/fant.dk\\\/wp-content\\\/uploads\\\/2024\\\/08\\\/Fant_Logo_Payoff_Green_2022.png\",\"contentUrl\":\"https:\\\/\\\/fant.dk\\\/wp-content\\\/uploads\\\/2024\\\/08\\\/Fant_Logo_Payoff_Green_2022.png\",\"width\":930,\"height\":239,\"caption\":\"FANT\"},\"image\":{\"@id\":\"https:\\\/\\\/fant.dk\\\/#\\\/schema\\\/logo\\\/image\\\/\"},\"sameAs\":[\"https:\\\/\\\/www.facebook.com\\\/FANTforanewtomorrow\"]}]}<\/script>\n<!-- \/ Yoast SEO plugin. -->","yoast_head_json":{"title":"Constitution and Reports - FANT","robots":{"index":"index","follow":"follow","max-snippet":"max-snippet:-1","max-image-preview":"max-image-preview:large","max-video-preview":"max-video-preview:-1"},"canonical":"https:\/\/fant.dk\/en\/about\/aarsberetninger-og-vedtaegter\/","og_locale":"en_US","og_type":"article","og_title":"Constitution and Reports - FANT","og_description":"FANT&Aring;rsberetninger og vedt&aelig;gterHer kan du downloade vores \u00e5rsberetninger og vedt\u00e6gter. I vores \u00e5rsberetninger kan du l\u00e6se om FANT\u2019s aktiviteter og m\u00e5l. \u00c5rsberetningerne er fremlagt og godkendt p\u00e5 den \u00e5rlige generalforsamling.&Aring;rsberetningerFind vores &aring;rsberetninger her:2022ArkivDownload \u00e5rsberetning 2022 2021 2020 2019 2018 2017 2016 2015 2014 2013 2012 &Aring;rsregnskabFind vores &aring;rsregnskaber her:2022ArkivDownload \u00e5rsberetning 2022 2021 2020 Vedt&aelig;gterFind vores vedt&aelig;gter her:2022Download vedt\u00e6gter","og_url":"https:\/\/fant.dk\/en\/about\/aarsberetninger-og-vedtaegter\/","og_site_name":"FANT","article_publisher":"https:\/\/www.facebook.com\/FANTforanewtomorrow","article_modified_time":"2024-02-01T11:26:35+00:00","twitter_card":"summary_large_image","twitter_misc":{"Est. reading time":"1 minute"},"schema":{"@context":"https:\/\/schema.org","@graph":[{"@type":"WebPage","@id":"https:\/\/fant.dk\/en\/about\/aarsberetninger-og-vedtaegter\/","url":"https:\/\/fant.dk\/en\/about\/aarsberetninger-og-vedtaegter\/","name":"Constitution and Reports - FANT","isPartOf":{"@id":"https:\/\/fant.dk\/#website"},"datePublished":"2023-08-23T14:01:38+00:00","dateModified":"2024-02-01T11:26:35+00:00","breadcrumb":{"@id":"https:\/\/fant.dk\/en\/about\/aarsberetninger-og-vedtaegter\/#breadcrumb"},"inLanguage":"en-US","potentialAction":[{"@type":"ReadAction","target":["https:\/\/fant.dk\/en\/about\/aarsberetninger-og-vedtaegter\/"]}]},{"@type":"BreadcrumbList","@id":"https:\/\/fant.dk\/en\/about\/aarsberetninger-og-vedtaegter\/#breadcrumb","itemListElement":[{"@type":"ListItem","position":1,"name":"Hjem","item":"https:\/\/fant.dk\/en\/"},{"@type":"ListItem","position":2,"name":"About FANT","item":"https:\/\/fant.dk\/en\/about\/"},{"@type":"ListItem","position":3,"name":"Constitution and Reports"}]},{"@type":"WebSite","@id":"https:\/\/fant.dk\/#website","url":"https:\/\/fant.dk\/","name":"FANT","description":"For A New Tomorrow \u26bd\ufe0f","publisher":{"@id":"https:\/\/fant.dk\/#organization"},"potentialAction":[{"@type":"SearchAction","target":{"@type":"EntryPoint","urlTemplate":"https:\/\/fant.dk\/?s={search_term_string}"},"query-input":{"@type":"PropertyValueSpecification","valueRequired":true,"valueName":"search_term_string"}}],"inLanguage":"en-US"},{"@type":"Organization","@id":"https:\/\/fant.dk\/#organization","name":"FANT","url":"https:\/\/fant.dk\/","logo":{"@type":"ImageObject","inLanguage":"en-US","@id":"https:\/\/fant.dk\/#\/schema\/logo\/image\/","url":"https:\/\/fant.dk\/wp-content\/uploads\/2024\/08\/Fant_Logo_Payoff_Green_2022.png","contentUrl":"https:\/\/fant.dk\/wp-content\/uploads\/2024\/08\/Fant_Logo_Payoff_Green_2022.png","width":930,"height":239,"caption":"FANT"},"image":{"@id":"https:\/\/fant.dk\/#\/schema\/logo\/image\/"},"sameAs":["https:\/\/www.facebook.com\/FANTforanewtomorrow"]}]}},"_links":{"self":[{"href":"https:\/\/fant.dk\/en\/wp-json\/wp\/v2\/pages\/7313","targetHints":{"allow":["GET"]}}],"collection":[{"href":"https:\/\/fant.dk\/en\/wp-json\/wp\/v2\/pages"}],"about":[{"href":"https:\/\/fant.dk\/en\/wp-json\/wp\/v2\/types\/page"}],"author":[{"embeddable":true,"href":"https:\/\/fant.dk\/en\/wp-json\/wp\/v2\/users\/16"}],"replies":[{"embeddable":true,"href":"https:\/\/fant.dk\/en\/wp-json\/wp\/v2\/comments?post=7313"}],"version-history":[{"count":0,"href":"https:\/\/fant.dk\/en\/wp-json\/wp\/v2\/pages\/7313\/revisions"}],"up":[{"embeddable":true,"href":"https:\/\/fant.dk\/en\/wp-json\/wp\/v2\/pages\/224"}],"wp:attachment":[{"href":"https:\/\/fant.dk\/en\/wp-json\/wp\/v2\/media?parent=7313"}],"curies":[{"name":"wp","href":"https:\/\/api.w.org\/{rel}","templated":true}]}}