{"id":7312,"date":"2023-08-23T15:00:52","date_gmt":"2023-08-23T14:00:52","guid":{"rendered":"https:\/\/fant.dk\/saadan-bruges-pengene-english\/"},"modified":"2024-02-01T13:14:21","modified_gmt":"2024-02-01T11:14:21","slug":"saadan-bruges-pengene","status":"publish","type":"page","link":"https:\/\/fant.dk\/en\/about\/saadan-bruges-pengene\/","title":{"rendered":"How the Money is Distributed"},"content":{"rendered":"<div id=\"cs-content\" class=\"cs-content\"><\/div>\n","protected":false},"excerpt":{"rendered":"<p>S\u00c5DAN BRUGES PENGENEI FANT bruger vi langt st\u00f8rstedelen af vores midler p\u00e5 at g\u00f8re en positiv forskel for b\u00f8rn og unge i nogle af verdens fattigste lande. De penge, der ikke g\u00e5r direkte til vores humanit\u00e6re arbejde, investerer vi i at opretholde en effektiv organisation, der underst\u00f8tter og udvikler hj\u00e6lpearbejdet, fx. via foredrag, oplysning om FANT og fundraising, der indbringer&hellip;<\/p>\n","protected":false},"author":16,"featured_media":0,"parent":224,"menu_order":5,"comment_status":"closed","ping_status":"closed","template":"template-blank-4.php","meta":{"inline_featured_image":false,"footnotes":""},"class_list":["post-7312","page","type-page","status-publish","hentry","no-post-thumbnail"],"yoast_head":"<!-- This site is optimized with the Yoast SEO plugin v27.3 - https:\/\/yoast.com\/product\/yoast-seo-wordpress\/ -->\n<title>How the Money is Distributed - FANT<\/title>\n<meta name=\"robots\" content=\"index, follow, max-snippet:-1, max-image-preview:large, max-video-preview:-1\" \/>\n<link rel=\"canonical\" href=\"https:\/\/fant.dk\/en\/about\/saadan-bruges-pengene\/\" \/>\n<meta property=\"og:locale\" content=\"en_US\" \/>\n<meta property=\"og:type\" content=\"article\" \/>\n<meta property=\"og:title\" content=\"How the Money is Distributed - FANT\" \/>\n<meta property=\"og:description\" content=\"S\u00c5DAN BRUGES PENGENEI FANT bruger vi langt st\u00f8rstedelen af vores midler p\u00e5 at g\u00f8re en positiv forskel for b\u00f8rn og unge i nogle af verdens fattigste lande. De penge, der ikke g\u00e5r direkte til vores humanit\u00e6re arbejde, investerer vi i at opretholde en effektiv organisation, der underst\u00f8tter og udvikler hj\u00e6lpearbejdet, fx. via foredrag, oplysning om FANT og fundraising, der indbringer&hellip;\" \/>\n<meta property=\"og:url\" content=\"https:\/\/fant.dk\/en\/about\/saadan-bruges-pengene\/\" \/>\n<meta property=\"og:site_name\" content=\"FANT\" \/>\n<meta property=\"article:publisher\" content=\"https:\/\/www.facebook.com\/FANTforanewtomorrow\" \/>\n<meta property=\"article:modified_time\" content=\"2024-02-01T11:14:21+00:00\" \/>\n<meta name=\"twitter:card\" content=\"summary_large_image\" \/>\n<meta name=\"twitter:label1\" content=\"Est. reading time\" \/>\n\t<meta name=\"twitter:data1\" content=\"1 minute\" \/>\n<script type=\"application\/ld+json\" class=\"yoast-schema-graph\">{\"@context\":\"https:\\\/\\\/schema.org\",\"@graph\":[{\"@type\":\"WebPage\",\"@id\":\"https:\\\/\\\/fant.dk\\\/en\\\/about\\\/saadan-bruges-pengene\\\/\",\"url\":\"https:\\\/\\\/fant.dk\\\/en\\\/about\\\/saadan-bruges-pengene\\\/\",\"name\":\"How the Money is Distributed - FANT\",\"isPartOf\":{\"@id\":\"https:\\\/\\\/fant.dk\\\/#website\"},\"datePublished\":\"2023-08-23T14:00:52+00:00\",\"dateModified\":\"2024-02-01T11:14:21+00:00\",\"breadcrumb\":{\"@id\":\"https:\\\/\\\/fant.dk\\\/en\\\/about\\\/saadan-bruges-pengene\\\/#breadcrumb\"},\"inLanguage\":\"en-US\",\"potentialAction\":[{\"@type\":\"ReadAction\",\"target\":[\"https:\\\/\\\/fant.dk\\\/en\\\/about\\\/saadan-bruges-pengene\\\/\"]}]},{\"@type\":\"BreadcrumbList\",\"@id\":\"https:\\\/\\\/fant.dk\\\/en\\\/about\\\/saadan-bruges-pengene\\\/#breadcrumb\",\"itemListElement\":[{\"@type\":\"ListItem\",\"position\":1,\"name\":\"Hjem\",\"item\":\"https:\\\/\\\/fant.dk\\\/en\\\/\"},{\"@type\":\"ListItem\",\"position\":2,\"name\":\"About FANT\",\"item\":\"https:\\\/\\\/fant.dk\\\/en\\\/about\\\/\"},{\"@type\":\"ListItem\",\"position\":3,\"name\":\"How the Money is Distributed\"}]},{\"@type\":\"WebSite\",\"@id\":\"https:\\\/\\\/fant.dk\\\/#website\",\"url\":\"https:\\\/\\\/fant.dk\\\/\",\"name\":\"FANT\",\"description\":\"For A New Tomorrow \u26bd\ufe0f\",\"publisher\":{\"@id\":\"https:\\\/\\\/fant.dk\\\/#organization\"},\"potentialAction\":[{\"@type\":\"SearchAction\",\"target\":{\"@type\":\"EntryPoint\",\"urlTemplate\":\"https:\\\/\\\/fant.dk\\\/?s={search_term_string}\"},\"query-input\":{\"@type\":\"PropertyValueSpecification\",\"valueRequired\":true,\"valueName\":\"search_term_string\"}}],\"inLanguage\":\"en-US\"},{\"@type\":\"Organization\",\"@id\":\"https:\\\/\\\/fant.dk\\\/#organization\",\"name\":\"FANT\",\"url\":\"https:\\\/\\\/fant.dk\\\/\",\"logo\":{\"@type\":\"ImageObject\",\"inLanguage\":\"en-US\",\"@id\":\"https:\\\/\\\/fant.dk\\\/#\\\/schema\\\/logo\\\/image\\\/\",\"url\":\"https:\\\/\\\/fant.dk\\\/wp-content\\\/uploads\\\/2024\\\/08\\\/Fant_Logo_Payoff_Green_2022.png\",\"contentUrl\":\"https:\\\/\\\/fant.dk\\\/wp-content\\\/uploads\\\/2024\\\/08\\\/Fant_Logo_Payoff_Green_2022.png\",\"width\":930,\"height\":239,\"caption\":\"FANT\"},\"image\":{\"@id\":\"https:\\\/\\\/fant.dk\\\/#\\\/schema\\\/logo\\\/image\\\/\"},\"sameAs\":[\"https:\\\/\\\/www.facebook.com\\\/FANTforanewtomorrow\"]}]}<\/script>\n<!-- \/ Yoast SEO plugin. -->","yoast_head_json":{"title":"How the Money is Distributed - FANT","robots":{"index":"index","follow":"follow","max-snippet":"max-snippet:-1","max-image-preview":"max-image-preview:large","max-video-preview":"max-video-preview:-1"},"canonical":"https:\/\/fant.dk\/en\/about\/saadan-bruges-pengene\/","og_locale":"en_US","og_type":"article","og_title":"How the Money is Distributed - FANT","og_description":"S\u00c5DAN BRUGES PENGENEI FANT bruger vi langt st\u00f8rstedelen af vores midler p\u00e5 at g\u00f8re en positiv forskel for b\u00f8rn og unge i nogle af verdens fattigste lande. De penge, der ikke g\u00e5r direkte til vores humanit\u00e6re arbejde, investerer vi i at opretholde en effektiv organisation, der underst\u00f8tter og udvikler hj\u00e6lpearbejdet, fx. via foredrag, oplysning om FANT og fundraising, der indbringer&hellip;","og_url":"https:\/\/fant.dk\/en\/about\/saadan-bruges-pengene\/","og_site_name":"FANT","article_publisher":"https:\/\/www.facebook.com\/FANTforanewtomorrow","article_modified_time":"2024-02-01T11:14:21+00:00","twitter_card":"summary_large_image","twitter_misc":{"Est. reading time":"1 minute"},"schema":{"@context":"https:\/\/schema.org","@graph":[{"@type":"WebPage","@id":"https:\/\/fant.dk\/en\/about\/saadan-bruges-pengene\/","url":"https:\/\/fant.dk\/en\/about\/saadan-bruges-pengene\/","name":"How the Money is Distributed - FANT","isPartOf":{"@id":"https:\/\/fant.dk\/#website"},"datePublished":"2023-08-23T14:00:52+00:00","dateModified":"2024-02-01T11:14:21+00:00","breadcrumb":{"@id":"https:\/\/fant.dk\/en\/about\/saadan-bruges-pengene\/#breadcrumb"},"inLanguage":"en-US","potentialAction":[{"@type":"ReadAction","target":["https:\/\/fant.dk\/en\/about\/saadan-bruges-pengene\/"]}]},{"@type":"BreadcrumbList","@id":"https:\/\/fant.dk\/en\/about\/saadan-bruges-pengene\/#breadcrumb","itemListElement":[{"@type":"ListItem","position":1,"name":"Hjem","item":"https:\/\/fant.dk\/en\/"},{"@type":"ListItem","position":2,"name":"About FANT","item":"https:\/\/fant.dk\/en\/about\/"},{"@type":"ListItem","position":3,"name":"How the Money is Distributed"}]},{"@type":"WebSite","@id":"https:\/\/fant.dk\/#website","url":"https:\/\/fant.dk\/","name":"FANT","description":"For A New Tomorrow \u26bd\ufe0f","publisher":{"@id":"https:\/\/fant.dk\/#organization"},"potentialAction":[{"@type":"SearchAction","target":{"@type":"EntryPoint","urlTemplate":"https:\/\/fant.dk\/?s={search_term_string}"},"query-input":{"@type":"PropertyValueSpecification","valueRequired":true,"valueName":"search_term_string"}}],"inLanguage":"en-US"},{"@type":"Organization","@id":"https:\/\/fant.dk\/#organization","name":"FANT","url":"https:\/\/fant.dk\/","logo":{"@type":"ImageObject","inLanguage":"en-US","@id":"https:\/\/fant.dk\/#\/schema\/logo\/image\/","url":"https:\/\/fant.dk\/wp-content\/uploads\/2024\/08\/Fant_Logo_Payoff_Green_2022.png","contentUrl":"https:\/\/fant.dk\/wp-content\/uploads\/2024\/08\/Fant_Logo_Payoff_Green_2022.png","width":930,"height":239,"caption":"FANT"},"image":{"@id":"https:\/\/fant.dk\/#\/schema\/logo\/image\/"},"sameAs":["https:\/\/www.facebook.com\/FANTforanewtomorrow"]}]}},"_links":{"self":[{"href":"https:\/\/fant.dk\/en\/wp-json\/wp\/v2\/pages\/7312","targetHints":{"allow":["GET"]}}],"collection":[{"href":"https:\/\/fant.dk\/en\/wp-json\/wp\/v2\/pages"}],"about":[{"href":"https:\/\/fant.dk\/en\/wp-json\/wp\/v2\/types\/page"}],"author":[{"embeddable":true,"href":"https:\/\/fant.dk\/en\/wp-json\/wp\/v2\/users\/16"}],"replies":[{"embeddable":true,"href":"https:\/\/fant.dk\/en\/wp-json\/wp\/v2\/comments?post=7312"}],"version-history":[{"count":0,"href":"https:\/\/fant.dk\/en\/wp-json\/wp\/v2\/pages\/7312\/revisions"}],"up":[{"embeddable":true,"href":"https:\/\/fant.dk\/en\/wp-json\/wp\/v2\/pages\/224"}],"wp:attachment":[{"href":"https:\/\/fant.dk\/en\/wp-json\/wp\/v2\/media?parent=7312"}],"curies":[{"name":"wp","href":"https:\/\/api.w.org\/{rel}","templated":true}]}}